{"id":2479,"date":"2023-11-01T12:20:01","date_gmt":"2023-11-01T11:20:01","guid":{"rendered":"https:\/\/www.sainthubert-resort.eu\/?page_id=2479"},"modified":"2024-12-10T11:06:16","modified_gmt":"2024-12-10T10:06:16","slug":"conditions","status":"publish","type":"page","link":"https:\/\/www.sainthubert-resort.eu\/en\/conditions\/","title":{"rendered":"Conditions G\u00e9n\u00e9rales de Vente"},"content":{"rendered":"<div data-elementor-type=\"wp-page\" data-elementor-id=\"2479\" class=\"elementor elementor-2479\" data-elementor-post-type=\"page\">\n\t\t\t\t\t\t<section class=\"elementor-section elementor-top-section elementor-element elementor-element-0a53c02 elementor-section-boxed elementor-section-height-default elementor-section-height-default\" data-id=\"0a53c02\" data-element_type=\"section\">\n\t\t\t\t\t\t<div class=\"elementor-container elementor-column-gap-default\">\n\t\t\t\t\t<div class=\"elementor-column elementor-col-100 elementor-top-column elementor-element elementor-element-f52590a\" data-id=\"f52590a\" data-element_type=\"column\">\n\t\t\t<div class=\"elementor-widget-wrap elementor-element-populated\">\n\t\t\t\t\t\t<div class=\"elementor-element elementor-element-18509cf elementor-widget elementor-widget-spacer\" data-id=\"18509cf\" data-element_type=\"widget\" data-widget_type=\"spacer.default\">\n\t\t\t\t<div class=\"elementor-widget-container\">\n\t\t\t\t\t\t\t<div class=\"elementor-spacer\">\n\t\t\t<div class=\"elementor-spacer-inner\"><\/div>\n\t\t<\/div>\n\t\t\t\t\t\t<\/div>\n\t\t\t\t<\/div>\n\t\t\t\t<div class=\"elementor-element elementor-element-440ac75 elementor-widget elementor-widget-heading\" data-id=\"440ac75\" data-element_type=\"widget\" data-widget_type=\"heading.default\">\n\t\t\t\t<div class=\"elementor-widget-container\">\n\t\t\t\t\t<h2 class=\"elementor-heading-title elementor-size-default\">Conditions G\u00e9n\u00e9rales de Vente<\/h2>\t\t\t\t<\/div>\n\t\t\t\t<\/div>\n\t\t\t\t\t<\/div>\n\t\t<\/div>\n\t\t\t\t\t<\/div>\n\t\t<\/section>\n\t\t\t\t<section class=\"elementor-section elementor-top-section elementor-element elementor-element-ea64e53 elementor-section-boxed elementor-section-height-default elementor-section-height-default\" data-id=\"ea64e53\" data-element_type=\"section\">\n\t\t\t\t\t\t<div class=\"elementor-container elementor-column-gap-default\">\n\t\t\t\t\t<div class=\"elementor-column elementor-col-100 elementor-top-column elementor-element elementor-element-902c64a\" data-id=\"902c64a\" data-element_type=\"column\">\n\t\t\t<div class=\"elementor-widget-wrap elementor-element-populated\">\n\t\t\t\t\t\t<div class=\"elementor-element elementor-element-62e885c elementor-widget elementor-widget-text-editor\" data-id=\"62e885c\" data-element_type=\"widget\" data-widget_type=\"text-editor.default\">\n\t\t\t\t<div class=\"elementor-widget-container\">\n\t\t\t\t\t\t\t\t\t<p style=\"text-align: center;\"><strong>Conditions de Vente de l&rsquo;H\u00f4tel Restaurant Saint Hubert<\/strong><\/p>\n<p style=\"text-align: center;\"><span style=\"color: #d7b077;\"><b>ARTICLE 1 : Processus de r\u00e9servation<\/b><\/span><\/p>\n<p style=\"text-align: center;\">Toute proposition relative \u00e0 une r\u00e9servation h\u00f4teli\u00e8re, prestation restaurant, organisation de banquet\/mariage\/s\u00e9minaire ou tout autre \u00e9v\u00e9nement pour groupe \u00e0 compter de 8 personnes&nbsp; s\u2019accompagne d\u2019une option, de 7 jours en g\u00e9n\u00e9ral. Une fois le d\u00e9lai pass\u00e9 et sans confirmation de la part du Client, l\u2019option sera supprim\u00e9e et ce sans rappel. Une proposition ou devis ne peut en aucun cas tenir lieu de confirmation de r\u00e9servation. Pour \u00eatre r\u00e9put\u00e9e confirm\u00e9e et ferme, toute r\u00e9servation doit s\u2019accompagner d\u2019un versement d&rsquo;arrhes \u00e9gal \u00e0 30% de la somme, hors taxe de s\u00e9jour. Les arrhes vers\u00e9es, \u00e0 titre de garantie de r\u00e9servation, sont acquises par l\u2019H\u00f4tel \u00e0 titre de d\u00e9dit selon les dispositions de l&rsquo;article 1590 du Code Civil, notamment en cas d\u2019annulation ou de s\u00e9jour \u00e9court\u00e9. Les arrhes seront d\u00e9duites \u00e0 la fin du s\u00e9jour si celui-ci a \u00e9t\u00e9 enti\u00e8rement respect\u00e9.<br><strong>R\u00e9servations pour groupes et s\u00e9minaires :<\/strong> Au del\u00e0 de 10 adultes, les r\u00e9servations entrent dans le cadre des groupes et banquets. Notre plaquette groupes et banquets vous est ainsi propos\u00e9e pour y faire une s\u00e9lection de menus (un menu identique devra \u00eatre choisi pour l&rsquo;ensemble des convives, sauf restriction alimentaire). Notre plaquette est t\u00e9l\u00e9chargeable sur ce site dans la rubrique \u00ab\u00a0s\u00e9minaires\/banquets\u00a0\u00bb. Aucune exception ne sera accept\u00e9e.&nbsp;<\/p>\n<p style=\"text-align: center;\"><span style=\"color: #d7b077;\"><b>ARTICLE 2 : Annulation \/ modification de r\u00e9servation<\/b><\/span><\/p>\n<p style=\"text-align: center;\">Toute annulation ou modification de s\u00e9jour ou prestation restaurant doit imp\u00e9rativement \u00eatre adress\u00e9e par \u00e9crit (e-mail ou courrier). L\u2019annulation deviendra valide qu\u2019apr\u00e8s confirmation \u00e9crite de l\u2019H\u00f4tel. En cas d\u2019annulation \u00e0 plus de 30 jours avant l\u2019arriv\u00e9e, les arrhes seront rembours\u00e9es, d\u00e9duction faite de 50 \u20ac par chambre \u00e0 titre de frais de dossier. En cas d\u2019annulation de s\u00e9jour \u00e0 30 jours ou moins avant l\u2019arriv\u00e9e, les arrhes seront conserv\u00e9es par l\u2019H\u00f4tel, \u00e0 titre de compensation financi\u00e8re, en vertu de l\u2019article 1590 du Code Civil.<\/p>\n<p style=\"text-align: center;\">Pour les r\u00e9servations faites via Booking.com, Expedia et tout autre site de vente en ligne (autre que le site internet de l\u2019H\u00f4tel), nous vous remercions de vous r\u00e9f\u00e9rer aux informations communiqu\u00e9es lors de votre r\u00e9servation. Il est rappel\u00e9 qu\u2019en cas d\u2019annulation, l\u2019H\u00f4tel ne rembourse et ne reporte ni les arrhes, ni le solde, m\u00eame si la (les) chambre(s) est (sont) revendue(s).<\/p>\n<p style=\"text-align: center;\">En cas de d\u00e9part anticip\u00e9, la (les) chambre(s) est (sont) rendue(s) \u00e0 l\u2019H\u00f4tel et ne peut (peuvent) en aucun cas \u00eatre reprise(s) par le Client, ni m\u00eame \u00eatre substitu\u00e9e(s) [la (les) chambre(s)] \u00e0 un Tiers.<\/p>\n<p style=\"text-align: center;\">Pour toute annulation li\u00e9e \u00e0 la Covid-19, les arrhes seront rembours\u00e9es sur pr\u00e9sentation du\/des justificatifs pour les cas suivants uniquement : &#8211; Fermeture des fronti\u00e8res par le gouvernement fran\u00e7ais ou du pays d&rsquo;origine du client ou par un pays de transit. \u00c0 ce titre, l&rsquo;adresse postale du Client devra \u00eatre pr\u00e9cis\u00e9e lors de la r\u00e9servation &#8211; Restrictions de d\u00e9placements kilom\u00e9triques autour du domicile pour les fran\u00e7ais &#8211; Fermeture des a\u00e9roports \/ gares en France ou dans le pays d&rsquo;origine du Client &#8211; Fermeture des remont\u00e9es m\u00e9caniques et\/ou de l&rsquo;H\u00f4tel sur d\u00e9cision gouvernementale.<\/p>\n<p style=\"text-align: center;\">Pour les \u00e9v\u00e9nements type mariage\/banquet le d\u00e9lai d\u2019annulation est fix\u00e9 \u00e0 180 jours avant l\u2019\u00e9v\u00e9nement.<\/p>\n<p style=\"text-align: center;\">Pour les \u00e9v\u00e9nements type Bapt\u00eames\/Communions le d\u00e9lai d\u2019annulation est fix\u00e9 \u00e0 120 jours avant l\u2019\u00e9v\u00e9nement.<\/p>\n<p style=\"text-align: center;\"><span style=\"color: #d7b077;\"><b>ARTICLE 3 : Non pr\u00e9sentation<\/b><\/span><\/p>\n<p style=\"text-align: center;\">Toute non pr\u00e9sentation (no-show) entra\u00eenera l\u2019annulation automatique du s\u00e9jour r\u00e9serv\u00e9. Le montant total du s\u00e9jour initialement r\u00e9serv\u00e9 ne sera pas demand\u00e9, mais les arrhes seront conserv\u00e9es \u00e0 titre de d\u00e9dit selon les dispositions de l&rsquo;article 1590 du Code Civil. Pour les r\u00e9servations faites via Booking.com, Expedia et tout autre site de vente en ligne (autre que le site internet de l\u2019H\u00f4tel), le pr\u00e9paiement int\u00e9gral du s\u00e9jour est conserv\u00e9 et n\u2019est ni remboursable, ni reportable.<\/p>\n<p style=\"text-align: center;\"><span style=\"color: #d7b077;\"><b>ARTICLE 4 : D\u00e9part anticip\u00e9<\/b><\/span><\/p>\n<p style=\"text-align: center;\">En cas de d\u00e9part anticip\u00e9, le montant du s\u00e9jour tel que pr\u00e9vu par la confirmation de r\u00e9servation est factur\u00e9 dans son int\u00e9gralit\u00e9, \u00e0 titre d&rsquo;indemnit\u00e9. M\u00eame en cas de force majeure, aucun remboursement ne sera exigible de l\u2019H\u00f4tel.<\/p>\n<p style=\"text-align: center;\"><span style=\"color: #d7b077;\"><b>ARTICLE 5 : Arriv\u00e9e et D\u00e9part<\/b><\/span><\/p>\n<p style=\"text-align: center;\">La prise de possession des chambres s\u2019effectue \u00e0 partir de 16h00 et celles-ci doivent \u00eatre lib\u00e9r\u00e9es pour 12h00 le jour du d\u00e9part. Toute occupation au-del\u00e0 de 12h00, sur demande et selon disponibilit\u00e9s, peut faire l&rsquo;objet d\u2019une facturation suppl\u00e9mentaire. Afin de vous accueillir dans les meilleures conditions, nous vous remercions de bien vouloir nous communiquer votre heure approximative d&rsquo;arriv\u00e9e. Une bagagerie est disponible. Les bagages entrepos\u00e9s restent sous la responsabilit\u00e9 des usagers de la bagagerie. L\u2019H\u00f4tel ne pourra en aucun cas \u00eatre tenu responsable des vols, pertes ou d\u00e9t\u00e9rioration de bagages entrepos\u00e9s par les Clients dans les parties communes de l\u2019H\u00f4tel.<\/p>\n<p style=\"text-align: center;\"><span style=\"color: #d7b077;\"><b>ARTICLE 6 : Attribution des chambres<\/b><\/span><\/p>\n<p style=\"text-align: center;\">L\u2019H\u00f4tel s\u2019engage \u00e0 satisfaire au mieux les demandes des Clients, si celles-ci sont sp\u00e9cifi\u00e9es \u00e0 la r\u00e9servation, mais ne peut en aucun cas garantir un num\u00e9ro de chambre, un \u00e9tage ou un style de d\u00e9coration. \u00c0 la r\u00e9servation, le type de lits (lits s\u00e9par\u00e9s, lit double) doit \u00eatre pr\u00e9cis\u00e9. Un lit b\u00e9b\u00e9, sans suppl\u00e9ment, peut \u00eatre install\u00e9 dans votre chambre, sous r\u00e9serve d\u2019en faire la demande \u00e0 la r\u00e9servation et sous r\u00e9serve de disponibilit\u00e9.<\/p>\n<p style=\"text-align: center;\"><span style=\"color: #d7b077;\"><b>ARTICLE 7 : Taxe de s\u00e9jour<\/b><\/span><\/p>\n<p style=\"text-align: center;\">La taxe de s\u00e9jour par nuit et par personne de plus de 18 ans, est \u00e0 r\u00e9gler sur place lors du d\u00e9part.<\/p>\n<p style=\"text-align: center;\"><span style=\"color: #d7b077;\"><b>ARTICLE 8 : Restauration<\/b><\/span><\/p>\n<p style=\"text-align: center;\">Le petit-d\u00e9jeuner est servi dans notre restaurant de 7h30 \u00e0 9h45, sous forme de buffet. Le restaurant est ouvert pour le d\u00e9jeuner, de 12h00 \u00e0 13h30 (sauf lundi et samedi) et ; pour le d\u00eener, de 19h00 \u00e0 21h30 (sauf dimanche). Toute allergie ou r\u00e9gime alimentaire doit \u00eatre pr\u00e9cis\u00e9 au moment de la r\u00e9servation. Le Restaurant dispose d\u2019une carte avec les allerg\u00e8nes. Les repas non consomm\u00e9s ne sont ni remboursables, ni d\u00e9duits.<\/p>\n<p style=\"text-align: center;\"><span style=\"color: #d7b077;\"><b>ARTICLE 9 : Animaux<\/b><\/span><\/p>\n<p style=\"text-align: center;\">Les animaux domestiques sont accept\u00e9s dans l\u2019enceinte de l\u2019H\u00f4tel\/Restaurant Saint Hubert.<br>Un suppl\u00e9ment de 10 \u20ac par nuit\u00e9e sera factur\u00e9.<\/p>\n<p style=\"text-align: center;\"><span style=\"color: #d7b077;\"><b>ARTICLE 10 : H\u00f4tel non-fumeur<\/b><\/span><\/p>\n<p style=\"text-align: center;\">Les espaces communs et toutes les chambres sont non-fumeurs. Certaines chambres disposant d\u2019un balcon, les fumeurs sont invit\u00e9s \u00e0 y sortir. Un cendrier est \u00e0 disposition dans les chambres. Dans le cas o\u00f9 une odeur de cigarette et\/ou des d\u00e9g\u00e2ts dus \u00e0 la consommation de tabac sont constat\u00e9s au sein de la chambre, l\u2019H\u00f4tel se r\u00e9serve le droit de facturer le Client afin de couvrir les frais de nettoyage et\/ou de r\u00e9paration.<\/p>\n<p style=\"text-align: center;\"><span style=\"color: #d7b077;\"><b>ARTICLE 11 : D\u00e9gradation\/Casse<\/b><\/span><\/p>\n<p style=\"text-align: center;\">Le Client s\u2019engage \u00e0 user de toutes les installations de l\u2019H\u00f4tel de fa\u00e7on responsable. L\u2019H\u00f4tel se r\u00e9serve le droit de facturer les biens ou le mobilier ayant subi une d\u00e9gradation. Le Client peut alors faire appel \u00e0 son assurance Responsabilit\u00e9 Civile.<\/p>\t\t\t\t\t\t\t\t<\/div>\n\t\t\t\t<\/div>\n\t\t\t\t<div class=\"elementor-element elementor-element-de663df elementor-widget elementor-widget-heading\" data-id=\"de663df\" data-element_type=\"widget\" data-widget_type=\"heading.default\">\n\t\t\t\t<div class=\"elementor-widget-container\">\n\t\t\t\t\t<h2 class=\"elementor-heading-title elementor-size-default\">M\u00c9DIATION<\/h2>\t\t\t\t<\/div>\n\t\t\t\t<\/div>\n\t\t\t\t<div class=\"elementor-element elementor-element-16c8d65 elementor-widget elementor-widget-heading\" data-id=\"16c8d65\" data-element_type=\"widget\" data-widget_type=\"heading.default\">\n\t\t\t\t<div class=\"elementor-widget-container\">\n\t\t\t\t\t<h2 class=\"elementor-heading-title elementor-size-default\">L'hotel restaurant Saint Hubert est adh\u00e9rent fr L\u2019UMIH a qui a choisi d\u2019adh\u00e9rer \u00e0 la M\u00e9diation <b>Tourisme<\/b> Voyage<\/h2>\t\t\t\t<\/div>\n\t\t\t\t<\/div>\n\t\t\t\t<div class=\"elementor-element elementor-element-9b1918d elementor-widget elementor-widget-heading\" data-id=\"9b1918d\" data-element_type=\"widget\" data-widget_type=\"heading.default\">\n\t\t\t\t<div class=\"elementor-widget-container\">\n\t\t\t\t\t<h2 class=\"elementor-heading-title elementor-size-default\">Apr\u00e8s avoir saisi notre service client et \u00e0 d\u00e9faut de r\u00e9ponse satisfaisante dans un d\u00e9lai de 15 jours \u00e0 1 mois, le client peut saisir le M\u00e9diateur du Tourisme et du Voyage, dont les coordonn\u00e9es figurent ci-apr\u00e8s :<\/h2>\t\t\t\t<\/div>\n\t\t\t\t<\/div>\n\t\t\t\t<div class=\"elementor-element elementor-element-0b912df elementor-widget elementor-widget-heading\" data-id=\"0b912df\" data-element_type=\"widget\" data-widget_type=\"heading.default\">\n\t\t\t\t<div class=\"elementor-widget-container\">\n\t\t\t\t\t<h2 class=\"elementor-heading-title elementor-size-default\">MTV - M\u00e9diation Tourisme Voyage\nBP 80 303\n75 823 Paris Cedex 17<\/h2>\t\t\t\t<\/div>\n\t\t\t\t<\/div>\n\t\t\t\t<div class=\"elementor-element elementor-element-1cbc537 elementor-widget elementor-widget-heading\" data-id=\"1cbc537\" data-element_type=\"widget\" data-widget_type=\"heading.default\">\n\t\t\t\t<div class=\"elementor-widget-container\">\n\t\t\t\t\t<h2 class=\"elementor-heading-title elementor-size-default\">Mentions l\u00e9gales<\/h2>\t\t\t\t<\/div>\n\t\t\t\t<\/div>\n\t\t\t\t<div class=\"elementor-element elementor-element-6ebc0e7 elementor-widget elementor-widget-heading\" data-id=\"6ebc0e7\" data-element_type=\"widget\" data-widget_type=\"heading.default\">\n\t\t\t\t<div class=\"elementor-widget-container\">\n\t\t\t\t\t<h2 class=\"elementor-heading-title elementor-size-default\">Le site que vous consultez actuellement est la propri\u00e9t\u00e9 de :\n<br>SARL ERAS\n<br>30 rue de la For\u00eat - 57910 HAMBACH\n<br>SARL au capital de 10.000 \u20ac\n<br>RCS Sarreguemines B 753 160 142\n<br>SIRET : 75316014200026\n<br><br>\nM. Fr\u00e9d\u00e9ric ROTH, Directeur de la publication, assure la responsabilit\u00e9 \u00e9ditoriale du site.\n\n<\/h2>\t\t\t\t<\/div>\n\t\t\t\t<\/div>\n\t\t\t\t<div class=\"elementor-element elementor-element-1cc483a elementor-widget elementor-widget-spacer\" data-id=\"1cc483a\" data-element_type=\"widget\" data-widget_type=\"spacer.default\">\n\t\t\t\t<div class=\"elementor-widget-container\">\n\t\t\t\t\t\t\t<div class=\"elementor-spacer\">\n\t\t\t<div class=\"elementor-spacer-inner\"><\/div>\n\t\t<\/div>\n\t\t\t\t\t\t<\/div>\n\t\t\t\t<\/div>\n\t\t\t\t\t<\/div>\n\t\t<\/div>\n\t\t\t\t\t<\/div>\n\t\t<\/section>\n\t\t\t\t<\/div>","protected":false},"excerpt":{"rendered":"<p>Conditions G\u00e9n\u00e9rales de Vente Conditions de Vente de l&rsquo;H\u00f4tel Restaurant Saint Hubert ARTICLE 1 : Processus de r\u00e9servation Toute proposition relative \u00e0 une r\u00e9servation h\u00f4teli\u00e8re, prestation restaurant, organisation de banquet\/mariage\/s\u00e9minaire ou tout autre \u00e9v\u00e9nement pour groupe \u00e0 compter de 8 personnes&nbsp; s\u2019accompagne d\u2019une option, de 7 jours en g\u00e9n\u00e9ral. Une fois le d\u00e9lai pass\u00e9 et [&hellip;]<\/p>","protected":false},"author":7,"featured_media":0,"parent":0,"menu_order":0,"comment_status":"closed","ping_status":"closed","template":"","meta":{"om_disable_all_campaigns":false,"_monsterinsights_skip_tracking":false,"_monsterinsights_sitenote_active":false,"_monsterinsights_sitenote_note":"","_monsterinsights_sitenote_category":0,"footnotes":""},"class_list":["post-2479","page","type-page","status-publish","hentry"],"yoast_head":"<!-- This site is optimized with the Yoast SEO plugin v24.5 - https:\/\/yoast.com\/wordpress\/plugins\/seo\/ -->\n<title>Conditions G\u00e9n\u00e9rales de Vente - SAINT HUBERT HAMBACH<\/title>\n<meta name=\"robots\" content=\"index, follow, max-snippet:-1, max-image-preview:large, max-video-preview:-1\" \/>\n<link rel=\"canonical\" href=\"https:\/\/www.sainthubert-resort.eu\/en\/conditions\/\" \/>\n<meta property=\"og:locale\" content=\"en_GB\" \/>\n<meta property=\"og:type\" content=\"article\" \/>\n<meta property=\"og:title\" content=\"Conditions G\u00e9n\u00e9rales de Vente - SAINT HUBERT HAMBACH\" \/>\n<meta property=\"og:description\" content=\"Conditions G\u00e9n\u00e9rales de Vente Conditions de Vente de l&rsquo;H\u00f4tel Restaurant Saint Hubert ARTICLE 1 : Processus de r\u00e9servation Toute proposition relative \u00e0 une r\u00e9servation h\u00f4teli\u00e8re, prestation restaurant, organisation de banquet\/mariage\/s\u00e9minaire ou tout autre \u00e9v\u00e9nement pour groupe \u00e0 compter de 8 personnes&nbsp; s\u2019accompagne d\u2019une option, de 7 jours en g\u00e9n\u00e9ral. Une fois le d\u00e9lai pass\u00e9 et [&hellip;]\" \/>\n<meta property=\"og:url\" content=\"https:\/\/www.sainthubert-resort.eu\/en\/conditions\/\" \/>\n<meta property=\"og:site_name\" content=\"SAINT HUBERT HAMBACH\" \/>\n<meta property=\"article:publisher\" content=\"https:\/\/www.facebook.com\/sthuberthambach\" \/>\n<meta property=\"article:modified_time\" content=\"2024-12-10T10:06:16+00:00\" \/>\n<meta property=\"og:image\" content=\"https:\/\/www.sainthubert-resort.eu\/wp-content\/uploads\/2023\/02\/Exterieur_6143-scaled.jpg\" \/>\n\t<meta property=\"og:image:width\" content=\"2560\" \/>\n\t<meta property=\"og:image:height\" content=\"1707\" \/>\n\t<meta property=\"og:image:type\" content=\"image\/jpeg\" \/>\n<meta name=\"twitter:card\" content=\"summary_large_image\" \/>\n<meta name=\"twitter:label1\" content=\"Estimated reading time\" \/>\n\t<meta name=\"twitter:data1\" content=\"7 minutes\" \/>\n<script type=\"application\/ld+json\" class=\"yoast-schema-graph\">{\"@context\":\"https:\/\/schema.org\",\"@graph\":[{\"@type\":\"WebPage\",\"@id\":\"https:\/\/www.sainthubert-resort.eu\/conditions\/\",\"url\":\"https:\/\/www.sainthubert-resort.eu\/conditions\/\",\"name\":\"Conditions G\u00e9n\u00e9rales de Vente - SAINT HUBERT HAMBACH\",\"isPartOf\":{\"@id\":\"https:\/\/www.sainthubert-resort.eu\/#website\"},\"datePublished\":\"2023-11-01T11:20:01+00:00\",\"dateModified\":\"2024-12-10T10:06:16+00:00\",\"breadcrumb\":{\"@id\":\"https:\/\/www.sainthubert-resort.eu\/conditions\/#breadcrumb\"},\"inLanguage\":\"en-GB\",\"potentialAction\":[{\"@type\":\"ReadAction\",\"target\":[\"https:\/\/www.sainthubert-resort.eu\/conditions\/\"]}]},{\"@type\":\"BreadcrumbList\",\"@id\":\"https:\/\/www.sainthubert-resort.eu\/conditions\/#breadcrumb\",\"itemListElement\":[{\"@type\":\"ListItem\",\"position\":1,\"name\":\"Accueil\",\"item\":\"https:\/\/www.sainthubert-resort.eu\/\"},{\"@type\":\"ListItem\",\"position\":2,\"name\":\"Conditions G\u00e9n\u00e9rales de Vente\"}]},{\"@type\":\"WebSite\",\"@id\":\"https:\/\/www.sainthubert-resort.eu\/#website\",\"url\":\"https:\/\/www.sainthubert-resort.eu\/\",\"name\":\"Hotel Restaurant Saint Hubert \u00e0 Hambach\",\"description\":\"H\u00f4tel Restaurant \u00e0 Hambach | Sarreguemines\",\"publisher\":{\"@id\":\"https:\/\/www.sainthubert-resort.eu\/#organization\"},\"potentialAction\":[{\"@type\":\"SearchAction\",\"target\":{\"@type\":\"EntryPoint\",\"urlTemplate\":\"https:\/\/www.sainthubert-resort.eu\/?s={search_term_string}\"},\"query-input\":{\"@type\":\"PropertyValueSpecification\",\"valueRequired\":true,\"valueName\":\"search_term_string\"}}],\"inLanguage\":\"en-GB\"},{\"@type\":\"Organization\",\"@id\":\"https:\/\/www.sainthubert-resort.eu\/#organization\",\"name\":\"Hotel Restaurant Saint Hubert \u00e0 Hambach\",\"url\":\"https:\/\/www.sainthubert-resort.eu\/\",\"logo\":{\"@type\":\"ImageObject\",\"inLanguage\":\"en-GB\",\"@id\":\"https:\/\/www.sainthubert-resort.eu\/#\/schema\/logo\/image\/\",\"url\":\"https:\/\/www.sainthubert-resort.eu\/wp-content\/uploads\/2023\/03\/logo_posi2.png\",\"contentUrl\":\"https:\/\/www.sainthubert-resort.eu\/wp-content\/uploads\/2023\/03\/logo_posi2.png\",\"width\":984,\"height\":276,\"caption\":\"Hotel Restaurant Saint Hubert \u00e0 Hambach\"},\"image\":{\"@id\":\"https:\/\/www.sainthubert-resort.eu\/#\/schema\/logo\/image\/\"},\"sameAs\":[\"https:\/\/www.facebook.com\/sthuberthambach\",\"https:\/\/www.instagram.com\/sthuberthambach\/\"]}]}<\/script>\n<!-- \/ Yoast SEO plugin. -->","yoast_head_json":{"title":"Conditions G\u00e9n\u00e9rales de Vente - SAINT HUBERT HAMBACH","robots":{"index":"index","follow":"follow","max-snippet":"max-snippet:-1","max-image-preview":"max-image-preview:large","max-video-preview":"max-video-preview:-1"},"canonical":"https:\/\/www.sainthubert-resort.eu\/en\/conditions\/","og_locale":"en_GB","og_type":"article","og_title":"Conditions G\u00e9n\u00e9rales de Vente - SAINT HUBERT HAMBACH","og_description":"Conditions G\u00e9n\u00e9rales de Vente Conditions de Vente de l&rsquo;H\u00f4tel Restaurant Saint Hubert ARTICLE 1 : Processus de r\u00e9servation Toute proposition relative \u00e0 une r\u00e9servation h\u00f4teli\u00e8re, prestation restaurant, organisation de banquet\/mariage\/s\u00e9minaire ou tout autre \u00e9v\u00e9nement pour groupe \u00e0 compter de 8 personnes&nbsp; s\u2019accompagne d\u2019une option, de 7 jours en g\u00e9n\u00e9ral. Une fois le d\u00e9lai pass\u00e9 et [&hellip;]","og_url":"https:\/\/www.sainthubert-resort.eu\/en\/conditions\/","og_site_name":"SAINT HUBERT HAMBACH","article_publisher":"https:\/\/www.facebook.com\/sthuberthambach","article_modified_time":"2024-12-10T10:06:16+00:00","og_image":[{"width":2560,"height":1707,"url":"https:\/\/www.sainthubert-resort.eu\/wp-content\/uploads\/2023\/02\/Exterieur_6143-scaled.jpg","type":"image\/jpeg"}],"twitter_card":"summary_large_image","twitter_misc":{"Estimated reading time":"7 minutes"},"schema":{"@context":"https:\/\/schema.org","@graph":[{"@type":"WebPage","@id":"https:\/\/www.sainthubert-resort.eu\/conditions\/","url":"https:\/\/www.sainthubert-resort.eu\/conditions\/","name":"Conditions G\u00e9n\u00e9rales de Vente - SAINT HUBERT HAMBACH","isPartOf":{"@id":"https:\/\/www.sainthubert-resort.eu\/#website"},"datePublished":"2023-11-01T11:20:01+00:00","dateModified":"2024-12-10T10:06:16+00:00","breadcrumb":{"@id":"https:\/\/www.sainthubert-resort.eu\/conditions\/#breadcrumb"},"inLanguage":"en-GB","potentialAction":[{"@type":"ReadAction","target":["https:\/\/www.sainthubert-resort.eu\/conditions\/"]}]},{"@type":"BreadcrumbList","@id":"https:\/\/www.sainthubert-resort.eu\/conditions\/#breadcrumb","itemListElement":[{"@type":"ListItem","position":1,"name":"Accueil","item":"https:\/\/www.sainthubert-resort.eu\/"},{"@type":"ListItem","position":2,"name":"Conditions G\u00e9n\u00e9rales de Vente"}]},{"@type":"WebSite","@id":"https:\/\/www.sainthubert-resort.eu\/#website","url":"https:\/\/www.sainthubert-resort.eu\/","name":"Hotel Restaurant Saint Hubert \u00e0 Hambach","description":"H\u00f4tel Restaurant \u00e0 Hambach | Sarreguemines","publisher":{"@id":"https:\/\/www.sainthubert-resort.eu\/#organization"},"potentialAction":[{"@type":"SearchAction","target":{"@type":"EntryPoint","urlTemplate":"https:\/\/www.sainthubert-resort.eu\/?s={search_term_string}"},"query-input":{"@type":"PropertyValueSpecification","valueRequired":true,"valueName":"search_term_string"}}],"inLanguage":"en-GB"},{"@type":"Organization","@id":"https:\/\/www.sainthubert-resort.eu\/#organization","name":"Hotel Restaurant Saint Hubert \u00e0 Hambach","url":"https:\/\/www.sainthubert-resort.eu\/","logo":{"@type":"ImageObject","inLanguage":"en-GB","@id":"https:\/\/www.sainthubert-resort.eu\/#\/schema\/logo\/image\/","url":"https:\/\/www.sainthubert-resort.eu\/wp-content\/uploads\/2023\/03\/logo_posi2.png","contentUrl":"https:\/\/www.sainthubert-resort.eu\/wp-content\/uploads\/2023\/03\/logo_posi2.png","width":984,"height":276,"caption":"Hotel Restaurant Saint Hubert \u00e0 Hambach"},"image":{"@id":"https:\/\/www.sainthubert-resort.eu\/#\/schema\/logo\/image\/"},"sameAs":["https:\/\/www.facebook.com\/sthuberthambach","https:\/\/www.instagram.com\/sthuberthambach\/"]}]}},"_links":{"self":[{"href":"https:\/\/www.sainthubert-resort.eu\/en\/wp-json\/wp\/v2\/pages\/2479","targetHints":{"allow":["GET"]}}],"collection":[{"href":"https:\/\/www.sainthubert-resort.eu\/en\/wp-json\/wp\/v2\/pages"}],"about":[{"href":"https:\/\/www.sainthubert-resort.eu\/en\/wp-json\/wp\/v2\/types\/page"}],"author":[{"embeddable":true,"href":"https:\/\/www.sainthubert-resort.eu\/en\/wp-json\/wp\/v2\/users\/7"}],"replies":[{"embeddable":true,"href":"https:\/\/www.sainthubert-resort.eu\/en\/wp-json\/wp\/v2\/comments?post=2479"}],"version-history":[{"count":71,"href":"https:\/\/www.sainthubert-resort.eu\/en\/wp-json\/wp\/v2\/pages\/2479\/revisions"}],"predecessor-version":[{"id":4359,"href":"https:\/\/www.sainthubert-resort.eu\/en\/wp-json\/wp\/v2\/pages\/2479\/revisions\/4359"}],"wp:attachment":[{"href":"https:\/\/www.sainthubert-resort.eu\/en\/wp-json\/wp\/v2\/media?parent=2479"}],"curies":[{"name":"wp","href":"https:\/\/api.w.org\/{rel}","templated":true}]}}