{"id":2572,"date":"2023-11-09T17:20:02","date_gmt":"2023-11-09T16:20:02","guid":{"rendered":"https:\/\/www.sainthubert-resort.eu\/?page_id=2572"},"modified":"2025-09-02T10:31:02","modified_gmt":"2025-09-02T08:31:02","slug":"banquets-evenements","status":"publish","type":"page","link":"https:\/\/www.sainthubert-resort.eu\/en\/restaurant\/banquets-evenements\/","title":{"rendered":"Banquets et Ev\u00e9nements"},"content":{"rendered":"<div data-elementor-type=\"wp-page\" data-elementor-id=\"2572\" class=\"elementor elementor-2572\" data-elementor-post-type=\"page\">\n\t\t\t\t\t\t<section class=\"elementor-section elementor-top-section elementor-element elementor-element-9470f2c elementor-section-boxed elementor-section-height-default elementor-section-height-default\" data-id=\"9470f2c\" data-element_type=\"section\">\n\t\t\t\t\t\t<div class=\"elementor-container elementor-column-gap-default\">\n\t\t\t\t\t<div class=\"elementor-column elementor-col-100 elementor-top-column elementor-element elementor-element-0b5ccc9\" data-id=\"0b5ccc9\" data-element_type=\"column\">\n\t\t\t<div class=\"elementor-widget-wrap elementor-element-populated\">\n\t\t\t\t\t\t<div class=\"elementor-element elementor-element-c0fcae0 elementor-widget elementor-widget-spacer\" data-id=\"c0fcae0\" data-element_type=\"widget\" data-widget_type=\"spacer.default\">\n\t\t\t\t<div class=\"elementor-widget-container\">\n\t\t\t\t\t\t\t<div class=\"elementor-spacer\">\n\t\t\t<div class=\"elementor-spacer-inner\"><\/div>\n\t\t<\/div>\n\t\t\t\t\t\t<\/div>\n\t\t\t\t<\/div>\n\t\t\t\t<div class=\"elementor-element elementor-element-c4d4e4a elementor-widget elementor-widget-heading\" data-id=\"c4d4e4a\" data-element_type=\"widget\" data-widget_type=\"heading.default\">\n\t\t\t\t<div class=\"elementor-widget-container\">\n\t\t\t\t\t<h2 class=\"elementor-heading-title elementor-size-default\">BANQUETS \u2022 \u00c9V\u00c9NEMENTS<\/h2>\t\t\t\t<\/div>\n\t\t\t\t<\/div>\n\t\t\t\t<div class=\"elementor-element elementor-element-baa6d0b elementor-widget elementor-widget-spacer\" data-id=\"baa6d0b\" data-element_type=\"widget\" data-widget_type=\"spacer.default\">\n\t\t\t\t<div class=\"elementor-widget-container\">\n\t\t\t\t\t\t\t<div class=\"elementor-spacer\">\n\t\t\t<div class=\"elementor-spacer-inner\"><\/div>\n\t\t<\/div>\n\t\t\t\t\t\t<\/div>\n\t\t\t\t<\/div>\n\t\t\t\t\t<\/div>\n\t\t<\/div>\n\t\t\t\t\t<\/div>\n\t\t<\/section>\n\t\t\t\t<section class=\"elementor-section elementor-top-section elementor-element elementor-element-08deb00 elementor-section-boxed elementor-section-height-default elementor-section-height-default\" data-id=\"08deb00\" data-element_type=\"section\">\n\t\t\t\t\t\t<div class=\"elementor-container elementor-column-gap-default\">\n\t\t\t\t\t<div class=\"elementor-column elementor-col-50 elementor-top-column elementor-element elementor-element-4d61c3a\" data-id=\"4d61c3a\" data-element_type=\"column\">\n\t\t\t<div class=\"elementor-widget-wrap elementor-element-populated\">\n\t\t\t\t\t\t<div class=\"elementor-element elementor-element-2accb7c elementor-widget elementor-widget-image\" data-id=\"2accb7c\" data-element_type=\"widget\" data-widget_type=\"image.default\">\n\t\t\t\t<div class=\"elementor-widget-container\">\n\t\t\t\t\t\t\t\t\t\t\t\t\t\t\t<img decoding=\"async\" src=\"https:\/\/www.sainthubert-resort.eu\/wp-content\/uploads\/elementor\/thumbs\/2event-qf44s5dclxsit8v10lk9v3b3z1jkidxhxszlnsfrjg.png\" title=\"2event\" alt=\"2event\" loading=\"lazy\" \/>\t\t\t\t\t\t\t\t\t\t\t\t\t\t\t<\/div>\n\t\t\t\t<\/div>\n\t\t\t\t\t<\/div>\n\t\t<\/div>\n\t\t\t\t<div class=\"elementor-column elementor-col-50 elementor-top-column elementor-element elementor-element-065f5a6\" data-id=\"065f5a6\" data-element_type=\"column\">\n\t\t\t<div class=\"elementor-widget-wrap elementor-element-populated\">\n\t\t\t\t\t\t<div class=\"elementor-element elementor-element-94b6cae elementor-widget elementor-widget-heading\" data-id=\"94b6cae\" data-element_type=\"widget\" data-widget_type=\"heading.default\">\n\t\t\t\t<div class=\"elementor-widget-container\">\n\t\t\t\t\t<h2 class=\"elementor-heading-title elementor-size-default\">Vous souhaitez organiser<br>un \u00e9v\u00e9nement au Saint Hubert ?<\/h2>\t\t\t\t<\/div>\n\t\t\t\t<\/div>\n\t\t\t\t<div class=\"elementor-element elementor-element-c73c5c8 elementor-widget elementor-widget-text-editor\" data-id=\"c73c5c8\" data-element_type=\"widget\" data-widget_type=\"text-editor.default\">\n\t\t\t\t<div class=\"elementor-widget-container\">\n\t\t\t\t\t\t\t\t\t<p>Consultez notre brochure, d\u00e9couvrez nos suggestions de menus et formules adapt\u00e9es pour vos \u00e9v\u00e9nements.<br \/>Vous souhaitez des conseils personnalis\u00e9s ou un accompagnement dans l&rsquo;organisation de votre event, n&rsquo;h\u00e9sitez pas \u00e0 nous consulter par t\u00e9l\u00e9phone au 03 87 98 39 55<\/p>\t\t\t\t\t\t\t\t<\/div>\n\t\t\t\t<\/div>\n\t\t\t\t<div class=\"elementor-element elementor-element-744d0e6 elementor-align-left elementor-widget elementor-widget-button\" data-id=\"744d0e6\" data-element_type=\"widget\" data-widget_type=\"button.default\">\n\t\t\t\t<div class=\"elementor-widget-container\">\n\t\t\t\t\t\t\t\t\t<div class=\"elementor-button-wrapper\">\n\t\t\t\t\t<a class=\"elementor-button elementor-button-link elementor-size-sm\" href=\"https:\/\/www.sainthubert-resort.eu\/wp-content\/uploads\/2025\/09\/BANQUET_2026.pdf\">\n\t\t\t\t\t\t<span class=\"elementor-button-content-wrapper\">\n\t\t\t\t\t\t\t\t\t<span class=\"elementor-button-text\">T\u00e9l\u00e9chargez nos offres 2026<\/span>\n\t\t\t\t\t<\/span>\n\t\t\t\t\t<\/a>\n\t\t\t\t<\/div>\n\t\t\t\t\t\t\t\t<\/div>\n\t\t\t\t<\/div>\n\t\t\t\t\t<\/div>\n\t\t<\/div>\n\t\t\t\t\t<\/div>\n\t\t<\/section>\n\t\t\t\t<section class=\"elementor-section elementor-top-section elementor-element elementor-element-e68869a elementor-section-boxed elementor-section-height-default elementor-section-height-default\" data-id=\"e68869a\" data-element_type=\"section\">\n\t\t\t\t\t\t<div class=\"elementor-container elementor-column-gap-default\">\n\t\t\t\t\t<div class=\"elementor-column elementor-col-100 elementor-top-column elementor-element elementor-element-28dee25\" data-id=\"28dee25\" data-element_type=\"column\">\n\t\t\t<div class=\"elementor-widget-wrap elementor-element-populated\">\n\t\t\t\t\t\t<div class=\"elementor-element elementor-element-f6b12f9 elementor-widget elementor-widget-spacer\" data-id=\"f6b12f9\" data-element_type=\"widget\" data-widget_type=\"spacer.default\">\n\t\t\t\t<div class=\"elementor-widget-container\">\n\t\t\t\t\t\t\t<div class=\"elementor-spacer\">\n\t\t\t<div class=\"elementor-spacer-inner\"><\/div>\n\t\t<\/div>\n\t\t\t\t\t\t<\/div>\n\t\t\t\t<\/div>\n\t\t\t\t\t<\/div>\n\t\t<\/div>\n\t\t\t\t\t<\/div>\n\t\t<\/section>\n\t\t\t\t<section class=\"elementor-section elementor-top-section elementor-element elementor-element-58d5cefe elementor-section-height-min-height elementor-section-boxed elementor-section-height-default elementor-section-items-middle\" data-id=\"58d5cefe\" data-element_type=\"section\" data-settings=\"{&quot;background_background&quot;:&quot;classic&quot;}\">\n\t\t\t\t\t\t<div class=\"elementor-container elementor-column-gap-default\">\n\t\t\t\t\t<div class=\"elementor-column elementor-col-100 elementor-top-column elementor-element elementor-element-d5352d\" data-id=\"d5352d\" data-element_type=\"column\">\n\t\t\t<div class=\"elementor-widget-wrap elementor-element-populated\">\n\t\t\t\t\t\t<div class=\"elementor-element elementor-element-9aebcd0 elementor-widget elementor-widget-heading\" data-id=\"9aebcd0\" data-element_type=\"widget\" data-widget_type=\"heading.default\">\n\t\t\t\t<div class=\"elementor-widget-container\">\n\t\t\t\t\t<h2 class=\"elementor-heading-title elementor-size-default\">Find Us<\/h2>\t\t\t\t<\/div>\n\t\t\t\t<\/div>\n\t\t\t\t<section class=\"elementor-section elementor-inner-section elementor-element elementor-element-29e40575 elementor-section-content-middle elementor-section-boxed elementor-section-height-default elementor-section-height-default\" data-id=\"29e40575\" data-element_type=\"section\">\n\t\t\t\t\t\t<div class=\"elementor-container elementor-column-gap-default\">\n\t\t\t\t\t<div class=\"elementor-column elementor-col-50 elementor-inner-column elementor-element elementor-element-62dde3f5\" data-id=\"62dde3f5\" data-element_type=\"column\">\n\t\t\t<div class=\"elementor-widget-wrap elementor-element-populated\">\n\t\t\t\t\t\t<div class=\"elementor-element elementor-element-64cd0b80 elementor-widget elementor-widget-image\" data-id=\"64cd0b80\" data-element_type=\"widget\" data-widget_type=\"image.default\">\n\t\t\t\t<div class=\"elementor-widget-container\">\n\t\t\t\t\t\t\t\t\t\t\t\t\t\t\t<img decoding=\"async\" src=\"https:\/\/www.sainthubert-resort.eu\/wp-content\/uploads\/elementor\/thumbs\/LOGO_SH2024-qkfmgjjyilpbqb7ci28um5zr00irg9ihhye8mss0yq.png\" title=\"LOGO_SH2024\" alt=\"LOGO_SH2024\" loading=\"lazy\" \/>\t\t\t\t\t\t\t\t\t\t\t\t\t\t\t<\/div>\n\t\t\t\t<\/div>\n\t\t\t\t<div class=\"elementor-element elementor-element-54b0efd1 elementor-align-right elementor-icon-list--layout-traditional elementor-list-item-link-full_width elementor-widget elementor-widget-icon-list\" data-id=\"54b0efd1\" data-element_type=\"widget\" data-widget_type=\"icon-list.default\">\n\t\t\t\t<div class=\"elementor-widget-container\">\n\t\t\t\t\t\t\t<ul class=\"elementor-icon-list-items\">\n\t\t\t\t\t\t\t<li class=\"elementor-icon-list-item\">\n\t\t\t\t\t\t\t\t\t\t\t<span class=\"elementor-icon-list-icon\">\n\t\t\t\t\t\t\t<i aria-hidden=\"true\" class=\"fas fa-map-marker-alt\"><\/i>\t\t\t\t\t\t<\/span>\n\t\t\t\t\t\t\t\t\t\t<span class=\"elementor-icon-list-text\">30, rue de la For\u00eat \u2022 57910 Hambach <\/span>\n\t\t\t\t\t\t\t\t\t<\/li>\n\t\t\t\t\t\t\t\t<li class=\"elementor-icon-list-item\">\n\t\t\t\t\t\t\t\t\t\t\t<span class=\"elementor-icon-list-icon\">\n\t\t\t\t\t\t\t<i aria-hidden=\"true\" class=\"fas fa-phone-alt\"><\/i>\t\t\t\t\t\t<\/span>\n\t\t\t\t\t\t\t\t\t\t<span class=\"elementor-icon-list-text\">+33 3 87 98 39 55<\/span>\n\t\t\t\t\t\t\t\t\t<\/li>\n\t\t\t\t\t\t\t\t<li class=\"elementor-icon-list-item\">\n\t\t\t\t\t\t\t\t\t\t\t<span class=\"elementor-icon-list-icon\">\n\t\t\t\t\t\t\t<i aria-hidden=\"true\" class=\"far fa-envelope\"><\/i>\t\t\t\t\t\t<\/span>\n\t\t\t\t\t\t\t\t\t\t<span class=\"elementor-icon-list-text\">contact@sainthubert-resort.eu<\/span>\n\t\t\t\t\t\t\t\t\t<\/li>\n\t\t\t\t\t\t<\/ul>\n\t\t\t\t\t\t<\/div>\n\t\t\t\t<\/div>\n\t\t\t\t\t<\/div>\n\t\t<\/div>\n\t\t\t\t<div class=\"elementor-column elementor-col-50 elementor-inner-column elementor-element elementor-element-23a6101b\" data-id=\"23a6101b\" data-element_type=\"column\">\n\t\t\t<div class=\"elementor-widget-wrap elementor-element-populated\">\n\t\t\t\t\t\t<div class=\"elementor-element elementor-element-6f56e3c1 elementor-invisible elementor-widget elementor-widget-google_maps\" data-id=\"6f56e3c1\" data-element_type=\"widget\" data-settings=\"{&quot;motion_fx_motion_fx_mouse&quot;:&quot;yes&quot;,&quot;_animation&quot;:&quot;fadeIn&quot;}\" data-widget_type=\"google_maps.default\">\n\t\t\t\t<div class=\"elementor-widget-container\">\n\t\t\t\t\t\t\t<div class=\"elementor-custom-embed\">\n\t\t\t<iframe loading=\"lazy\"\n\t\t\t\t\tsrc=\"https:\/\/maps.google.com\/maps?q=hotel%20saint%20hubert%2C%20hambach&#038;t=m&#038;z=13&#038;output=embed&#038;iwloc=near\"\n\t\t\t\t\ttitle=\"hotel saint hubert, hambach\"\n\t\t\t\t\taria-label=\"hotel saint hubert, hambach\"\n\t\t\t><\/iframe>\n\t\t<\/div>\n\t\t\t\t\t\t<\/div>\n\t\t\t\t<\/div>\n\t\t\t\t\t<\/div>\n\t\t<\/div>\n\t\t\t\t\t<\/div>\n\t\t<\/section>\n\t\t\t\t\t<\/div>\n\t\t<\/div>\n\t\t\t\t\t<\/div>\n\t\t<\/section>\n\t\t\t\t<\/div>","protected":false},"excerpt":{"rendered":"<p>BANQUETS \u2022 \u00c9V\u00c9NEMENTS Vous souhaitez organiserun \u00e9v\u00e9nement au Saint Hubert ? Consultez notre brochure, d\u00e9couvrez nos suggestions de menus et formules adapt\u00e9es pour vos \u00e9v\u00e9nements.Vous souhaitez des conseils personnalis\u00e9s ou un accompagnement dans l&rsquo;organisation de votre event, n&rsquo;h\u00e9sitez pas \u00e0 nous consulter par t\u00e9l\u00e9phone au 03 87 98 39 55 T\u00e9l\u00e9chargez nos offres 2026 Nous [&hellip;]<\/p>","protected":false},"author":7,"featured_media":0,"parent":11,"menu_order":0,"comment_status":"closed","ping_status":"closed","template":"","meta":{"om_disable_all_campaigns":false,"_monsterinsights_skip_tracking":false,"_monsterinsights_sitenote_active":false,"_monsterinsights_sitenote_note":"","_monsterinsights_sitenote_category":0,"footnotes":""},"class_list":["post-2572","page","type-page","status-publish","hentry"],"yoast_head":"<!-- This site is optimized with the Yoast SEO plugin v24.5 - https:\/\/yoast.com\/wordpress\/plugins\/seo\/ -->\n<title>Banquets et Ev\u00e9nements - SAINT HUBERT HAMBACH<\/title>\n<meta name=\"robots\" content=\"index, follow, max-snippet:-1, max-image-preview:large, max-video-preview:-1\" \/>\n<link rel=\"canonical\" href=\"https:\/\/www.sainthubert-resort.eu\/en\/restaurant\/banquets-evenements\/\" \/>\n<meta property=\"og:locale\" content=\"en_GB\" \/>\n<meta property=\"og:type\" content=\"article\" \/>\n<meta property=\"og:title\" content=\"Banquets et Ev\u00e9nements - SAINT HUBERT HAMBACH\" \/>\n<meta property=\"og:description\" content=\"BANQUETS \u2022 \u00c9V\u00c9NEMENTS Vous souhaitez organiserun \u00e9v\u00e9nement au Saint Hubert ? Consultez notre brochure, d\u00e9couvrez nos suggestions de menus et formules adapt\u00e9es pour vos \u00e9v\u00e9nements.Vous souhaitez des conseils personnalis\u00e9s ou un accompagnement dans l&rsquo;organisation de votre event, n&rsquo;h\u00e9sitez pas \u00e0 nous consulter par t\u00e9l\u00e9phone au 03 87 98 39 55 T\u00e9l\u00e9chargez nos offres 2026 Nous [&hellip;]\" \/>\n<meta property=\"og:url\" content=\"https:\/\/www.sainthubert-resort.eu\/en\/restaurant\/banquets-evenements\/\" \/>\n<meta property=\"og:site_name\" content=\"SAINT HUBERT HAMBACH\" \/>\n<meta property=\"article:publisher\" content=\"https:\/\/www.facebook.com\/sthuberthambach\" \/>\n<meta property=\"article:modified_time\" content=\"2025-09-02T08:31:02+00:00\" \/>\n<meta property=\"og:image\" content=\"https:\/\/www.sainthubert-resort.eu\/wp-content\/uploads\/elementor\/thumbs\/2event-qf44s5dclxsit8v10lk9v3b3z1jkidxhxszlnsfrjg.png\" \/>\n<meta name=\"twitter:card\" content=\"summary_large_image\" \/>\n<meta name=\"twitter:label1\" content=\"Estimated reading time\" \/>\n\t<meta name=\"twitter:data1\" content=\"1 minute\" \/>\n<script type=\"application\/ld+json\" class=\"yoast-schema-graph\">{\"@context\":\"https:\/\/schema.org\",\"@graph\":[{\"@type\":\"WebPage\",\"@id\":\"https:\/\/www.sainthubert-resort.eu\/restaurant\/banquets-evenements\/\",\"url\":\"https:\/\/www.sainthubert-resort.eu\/restaurant\/banquets-evenements\/\",\"name\":\"Banquets et Ev\u00e9nements - SAINT HUBERT HAMBACH\",\"isPartOf\":{\"@id\":\"https:\/\/www.sainthubert-resort.eu\/#website\"},\"primaryImageOfPage\":{\"@id\":\"https:\/\/www.sainthubert-resort.eu\/restaurant\/banquets-evenements\/#primaryimage\"},\"image\":{\"@id\":\"https:\/\/www.sainthubert-resort.eu\/restaurant\/banquets-evenements\/#primaryimage\"},\"thumbnailUrl\":\"https:\/\/www.sainthubert-resort.eu\/wp-content\/uploads\/elementor\/thumbs\/2event-qf44s5dclxsit8v10lk9v3b3z1jkidxhxszlnsfrjg.png\",\"datePublished\":\"2023-11-09T16:20:02+00:00\",\"dateModified\":\"2025-09-02T08:31:02+00:00\",\"breadcrumb\":{\"@id\":\"https:\/\/www.sainthubert-resort.eu\/restaurant\/banquets-evenements\/#breadcrumb\"},\"inLanguage\":\"en-GB\",\"potentialAction\":[{\"@type\":\"ReadAction\",\"target\":[\"https:\/\/www.sainthubert-resort.eu\/restaurant\/banquets-evenements\/\"]}]},{\"@type\":\"ImageObject\",\"inLanguage\":\"en-GB\",\"@id\":\"https:\/\/www.sainthubert-resort.eu\/restaurant\/banquets-evenements\/#primaryimage\",\"url\":\"https:\/\/www.sainthubert-resort.eu\/wp-content\/uploads\/elementor\/thumbs\/2event-qf44s5dclxsit8v10lk9v3b3z1jkidxhxszlnsfrjg.png\",\"contentUrl\":\"https:\/\/www.sainthubert-resort.eu\/wp-content\/uploads\/elementor\/thumbs\/2event-qf44s5dclxsit8v10lk9v3b3z1jkidxhxszlnsfrjg.png\"},{\"@type\":\"BreadcrumbList\",\"@id\":\"https:\/\/www.sainthubert-resort.eu\/restaurant\/banquets-evenements\/#breadcrumb\",\"itemListElement\":[{\"@type\":\"ListItem\",\"position\":1,\"name\":\"Accueil\",\"item\":\"https:\/\/www.sainthubert-resort.eu\/\"},{\"@type\":\"ListItem\",\"position\":2,\"name\":\"Restaurant\",\"item\":\"https:\/\/www.sainthubert-resort.eu\/restaurant\/\"},{\"@type\":\"ListItem\",\"position\":3,\"name\":\"Banquets et Ev\u00e9nements\"}]},{\"@type\":\"WebSite\",\"@id\":\"https:\/\/www.sainthubert-resort.eu\/#website\",\"url\":\"https:\/\/www.sainthubert-resort.eu\/\",\"name\":\"Hotel Restaurant Saint Hubert \u00e0 Hambach\",\"description\":\"H\u00f4tel Restaurant \u00e0 Hambach | Sarreguemines\",\"publisher\":{\"@id\":\"https:\/\/www.sainthubert-resort.eu\/#organization\"},\"potentialAction\":[{\"@type\":\"SearchAction\",\"target\":{\"@type\":\"EntryPoint\",\"urlTemplate\":\"https:\/\/www.sainthubert-resort.eu\/?s={search_term_string}\"},\"query-input\":{\"@type\":\"PropertyValueSpecification\",\"valueRequired\":true,\"valueName\":\"search_term_string\"}}],\"inLanguage\":\"en-GB\"},{\"@type\":\"Organization\",\"@id\":\"https:\/\/www.sainthubert-resort.eu\/#organization\",\"name\":\"Hotel Restaurant Saint Hubert \u00e0 Hambach\",\"url\":\"https:\/\/www.sainthubert-resort.eu\/\",\"logo\":{\"@type\":\"ImageObject\",\"inLanguage\":\"en-GB\",\"@id\":\"https:\/\/www.sainthubert-resort.eu\/#\/schema\/logo\/image\/\",\"url\":\"https:\/\/www.sainthubert-resort.eu\/wp-content\/uploads\/2023\/03\/logo_posi2.png\",\"contentUrl\":\"https:\/\/www.sainthubert-resort.eu\/wp-content\/uploads\/2023\/03\/logo_posi2.png\",\"width\":984,\"height\":276,\"caption\":\"Hotel Restaurant Saint Hubert \u00e0 Hambach\"},\"image\":{\"@id\":\"https:\/\/www.sainthubert-resort.eu\/#\/schema\/logo\/image\/\"},\"sameAs\":[\"https:\/\/www.facebook.com\/sthuberthambach\",\"https:\/\/www.instagram.com\/sthuberthambach\/\"]}]}<\/script>\n<!-- \/ Yoast SEO plugin. -->","yoast_head_json":{"title":"Banquets et Ev\u00e9nements - SAINT HUBERT HAMBACH","robots":{"index":"index","follow":"follow","max-snippet":"max-snippet:-1","max-image-preview":"max-image-preview:large","max-video-preview":"max-video-preview:-1"},"canonical":"https:\/\/www.sainthubert-resort.eu\/en\/restaurant\/banquets-evenements\/","og_locale":"en_GB","og_type":"article","og_title":"Banquets et Ev\u00e9nements - SAINT HUBERT HAMBACH","og_description":"BANQUETS \u2022 \u00c9V\u00c9NEMENTS Vous souhaitez organiserun \u00e9v\u00e9nement au Saint Hubert ? Consultez notre brochure, d\u00e9couvrez nos suggestions de menus et formules adapt\u00e9es pour vos \u00e9v\u00e9nements.Vous souhaitez des conseils personnalis\u00e9s ou un accompagnement dans l&rsquo;organisation de votre event, n&rsquo;h\u00e9sitez pas \u00e0 nous consulter par t\u00e9l\u00e9phone au 03 87 98 39 55 T\u00e9l\u00e9chargez nos offres 2026 Nous [&hellip;]","og_url":"https:\/\/www.sainthubert-resort.eu\/en\/restaurant\/banquets-evenements\/","og_site_name":"SAINT HUBERT HAMBACH","article_publisher":"https:\/\/www.facebook.com\/sthuberthambach","article_modified_time":"2025-09-02T08:31:02+00:00","og_image":[{"url":"https:\/\/www.sainthubert-resort.eu\/wp-content\/uploads\/elementor\/thumbs\/2event-qf44s5dclxsit8v10lk9v3b3z1jkidxhxszlnsfrjg.png","type":"","width":"","height":""}],"twitter_card":"summary_large_image","twitter_misc":{"Estimated reading time":"1 minute"},"schema":{"@context":"https:\/\/schema.org","@graph":[{"@type":"WebPage","@id":"https:\/\/www.sainthubert-resort.eu\/restaurant\/banquets-evenements\/","url":"https:\/\/www.sainthubert-resort.eu\/restaurant\/banquets-evenements\/","name":"Banquets et Ev\u00e9nements - SAINT HUBERT HAMBACH","isPartOf":{"@id":"https:\/\/www.sainthubert-resort.eu\/#website"},"primaryImageOfPage":{"@id":"https:\/\/www.sainthubert-resort.eu\/restaurant\/banquets-evenements\/#primaryimage"},"image":{"@id":"https:\/\/www.sainthubert-resort.eu\/restaurant\/banquets-evenements\/#primaryimage"},"thumbnailUrl":"https:\/\/www.sainthubert-resort.eu\/wp-content\/uploads\/elementor\/thumbs\/2event-qf44s5dclxsit8v10lk9v3b3z1jkidxhxszlnsfrjg.png","datePublished":"2023-11-09T16:20:02+00:00","dateModified":"2025-09-02T08:31:02+00:00","breadcrumb":{"@id":"https:\/\/www.sainthubert-resort.eu\/restaurant\/banquets-evenements\/#breadcrumb"},"inLanguage":"en-GB","potentialAction":[{"@type":"ReadAction","target":["https:\/\/www.sainthubert-resort.eu\/restaurant\/banquets-evenements\/"]}]},{"@type":"ImageObject","inLanguage":"en-GB","@id":"https:\/\/www.sainthubert-resort.eu\/restaurant\/banquets-evenements\/#primaryimage","url":"https:\/\/www.sainthubert-resort.eu\/wp-content\/uploads\/elementor\/thumbs\/2event-qf44s5dclxsit8v10lk9v3b3z1jkidxhxszlnsfrjg.png","contentUrl":"https:\/\/www.sainthubert-resort.eu\/wp-content\/uploads\/elementor\/thumbs\/2event-qf44s5dclxsit8v10lk9v3b3z1jkidxhxszlnsfrjg.png"},{"@type":"BreadcrumbList","@id":"https:\/\/www.sainthubert-resort.eu\/restaurant\/banquets-evenements\/#breadcrumb","itemListElement":[{"@type":"ListItem","position":1,"name":"Accueil","item":"https:\/\/www.sainthubert-resort.eu\/"},{"@type":"ListItem","position":2,"name":"Restaurant","item":"https:\/\/www.sainthubert-resort.eu\/restaurant\/"},{"@type":"ListItem","position":3,"name":"Banquets et Ev\u00e9nements"}]},{"@type":"WebSite","@id":"https:\/\/www.sainthubert-resort.eu\/#website","url":"https:\/\/www.sainthubert-resort.eu\/","name":"Hotel Restaurant Saint Hubert \u00e0 Hambach","description":"H\u00f4tel Restaurant \u00e0 Hambach | Sarreguemines","publisher":{"@id":"https:\/\/www.sainthubert-resort.eu\/#organization"},"potentialAction":[{"@type":"SearchAction","target":{"@type":"EntryPoint","urlTemplate":"https:\/\/www.sainthubert-resort.eu\/?s={search_term_string}"},"query-input":{"@type":"PropertyValueSpecification","valueRequired":true,"valueName":"search_term_string"}}],"inLanguage":"en-GB"},{"@type":"Organization","@id":"https:\/\/www.sainthubert-resort.eu\/#organization","name":"Hotel Restaurant Saint Hubert \u00e0 Hambach","url":"https:\/\/www.sainthubert-resort.eu\/","logo":{"@type":"ImageObject","inLanguage":"en-GB","@id":"https:\/\/www.sainthubert-resort.eu\/#\/schema\/logo\/image\/","url":"https:\/\/www.sainthubert-resort.eu\/wp-content\/uploads\/2023\/03\/logo_posi2.png","contentUrl":"https:\/\/www.sainthubert-resort.eu\/wp-content\/uploads\/2023\/03\/logo_posi2.png","width":984,"height":276,"caption":"Hotel Restaurant Saint Hubert \u00e0 Hambach"},"image":{"@id":"https:\/\/www.sainthubert-resort.eu\/#\/schema\/logo\/image\/"},"sameAs":["https:\/\/www.facebook.com\/sthuberthambach","https:\/\/www.instagram.com\/sthuberthambach\/"]}]}},"_links":{"self":[{"href":"https:\/\/www.sainthubert-resort.eu\/en\/wp-json\/wp\/v2\/pages\/2572","targetHints":{"allow":["GET"]}}],"collection":[{"href":"https:\/\/www.sainthubert-resort.eu\/en\/wp-json\/wp\/v2\/pages"}],"about":[{"href":"https:\/\/www.sainthubert-resort.eu\/en\/wp-json\/wp\/v2\/types\/page"}],"author":[{"embeddable":true,"href":"https:\/\/www.sainthubert-resort.eu\/en\/wp-json\/wp\/v2\/users\/7"}],"replies":[{"embeddable":true,"href":"https:\/\/www.sainthubert-resort.eu\/en\/wp-json\/wp\/v2\/comments?post=2572"}],"version-history":[{"count":73,"href":"https:\/\/www.sainthubert-resort.eu\/en\/wp-json\/wp\/v2\/pages\/2572\/revisions"}],"predecessor-version":[{"id":5304,"href":"https:\/\/www.sainthubert-resort.eu\/en\/wp-json\/wp\/v2\/pages\/2572\/revisions\/5304"}],"up":[{"embeddable":true,"href":"https:\/\/www.sainthubert-resort.eu\/en\/wp-json\/wp\/v2\/pages\/11"}],"wp:attachment":[{"href":"https:\/\/www.sainthubert-resort.eu\/en\/wp-json\/wp\/v2\/media?parent=2572"}],"curies":[{"name":"wp","href":"https:\/\/api.w.org\/{rel}","templated":true}]}}