{"id":4496,"date":"2025-01-20T13:13:52","date_gmt":"2025-01-20T12:13:52","guid":{"rendered":"https:\/\/www.sainthubert-resort.eu\/?page_id=4496"},"modified":"2025-02-06T11:00:57","modified_gmt":"2025-02-06T10:00:57","slug":"hairspa","status":"publish","type":"page","link":"https:\/\/www.sainthubert-resort.eu\/en\/hairspa\/","title":{"rendered":"hairspa"},"content":{"rendered":"<div data-elementor-type=\"wp-page\" data-elementor-id=\"4496\" class=\"elementor elementor-4496\" data-elementor-post-type=\"page\">\n\t\t\t\t\t\t<section class=\"elementor-section elementor-top-section elementor-element elementor-element-d1e33c8 elementor-section-boxed elementor-section-height-default elementor-section-height-default\" data-id=\"d1e33c8\" data-element_type=\"section\">\n\t\t\t\t\t\t<div class=\"elementor-container elementor-column-gap-default\">\n\t\t\t\t\t<div class=\"elementor-column elementor-col-100 elementor-top-column elementor-element elementor-element-4e5f20b\" data-id=\"4e5f20b\" data-element_type=\"column\">\n\t\t\t<div class=\"elementor-widget-wrap elementor-element-populated\">\n\t\t\t\t\t\t<div class=\"elementor-element elementor-element-ee764af elementor-widget elementor-widget-spacer\" data-id=\"ee764af\" data-element_type=\"widget\" data-widget_type=\"spacer.default\">\n\t\t\t\t<div class=\"elementor-widget-container\">\n\t\t\t\t\t\t\t<div class=\"elementor-spacer\">\n\t\t\t<div class=\"elementor-spacer-inner\"><\/div>\n\t\t<\/div>\n\t\t\t\t\t\t<\/div>\n\t\t\t\t<\/div>\n\t\t\t\t<div class=\"elementor-element elementor-element-31c979e elementor-widget elementor-widget-image\" data-id=\"31c979e\" data-element_type=\"widget\" data-widget_type=\"image.default\">\n\t\t\t\t<div class=\"elementor-widget-container\">\n\t\t\t\t\t\t\t\t\t\t\t\t\t\t\t<img fetchpriority=\"high\" decoding=\"async\" width=\"800\" height=\"363\" src=\"https:\/\/www.sainthubert-resort.eu\/wp-content\/uploads\/2025\/01\/massagesHair.png\" class=\"attachment-large size-large wp-image-4486\" alt=\"\" srcset=\"https:\/\/www.sainthubert-resort.eu\/wp-content\/uploads\/2025\/01\/massagesHair.png 900w, https:\/\/www.sainthubert-resort.eu\/wp-content\/uploads\/2025\/01\/massagesHair-300x136.png 300w, https:\/\/www.sainthubert-resort.eu\/wp-content\/uploads\/2025\/01\/massagesHair-768x348.png 768w, https:\/\/www.sainthubert-resort.eu\/wp-content\/uploads\/2025\/01\/massagesHair-18x8.png 18w\" sizes=\"(max-width: 800px) 100vw, 800px\" \/>\t\t\t\t\t\t\t\t\t\t\t\t\t\t\t<\/div>\n\t\t\t\t<\/div>\n\t\t\t\t<div class=\"elementor-element elementor-element-7acf472 elementor-widget elementor-widget-heading\" data-id=\"7acf472\" data-element_type=\"widget\" data-widget_type=\"heading.default\">\n\t\t\t\t<div class=\"elementor-widget-container\">\n\t\t\t\t\t<h2 class=\"elementor-heading-title elementor-size-default\">HAIRSPA<\/h2>\t\t\t\t<\/div>\n\t\t\t\t<\/div>\n\t\t\t\t<div class=\"elementor-element elementor-element-29d9e9b elementor-align-center elementor-widget elementor-widget-button\" data-id=\"29d9e9b\" data-element_type=\"widget\" data-widget_type=\"button.default\">\n\t\t\t\t<div class=\"elementor-widget-container\">\n\t\t\t\t\t\t\t\t\t<div class=\"elementor-button-wrapper\">\n\t\t\t\t\t<a class=\"elementor-button elementor-button-link elementor-size-sm\" href=\"https:\/\/www.sainthubert-resort.eu\/en\/hairspa-menu\/\">\n\t\t\t\t\t\t<span class=\"elementor-button-content-wrapper\">\n\t\t\t\t\t\t\t\t\t<span class=\"elementor-button-text\">D\u00e9couvrez nos offres<\/span>\n\t\t\t\t\t<\/span>\n\t\t\t\t\t<\/a>\n\t\t\t\t<\/div>\n\t\t\t\t\t\t\t\t<\/div>\n\t\t\t\t<\/div>\n\t\t\t\t\t<\/div>\n\t\t<\/div>\n\t\t\t\t\t<\/div>\n\t\t<\/section>\n\t\t\t\t<section class=\"elementor-section elementor-top-section elementor-element elementor-element-b5fa5ea elementor-section-boxed elementor-section-height-default elementor-section-height-default\" data-id=\"b5fa5ea\" data-element_type=\"section\">\n\t\t\t\t\t\t<div class=\"elementor-container elementor-column-gap-default\">\n\t\t\t\t\t<div class=\"elementor-column elementor-col-100 elementor-top-column elementor-element elementor-element-887a011\" data-id=\"887a011\" data-element_type=\"column\">\n\t\t\t<div class=\"elementor-widget-wrap elementor-element-populated\">\n\t\t\t\t\t\t<div class=\"elementor-element elementor-element-bbe8310 elementor-widget elementor-widget-spacer\" data-id=\"bbe8310\" data-element_type=\"widget\" data-widget_type=\"spacer.default\">\n\t\t\t\t<div class=\"elementor-widget-container\">\n\t\t\t\t\t\t\t<div class=\"elementor-spacer\">\n\t\t\t<div class=\"elementor-spacer-inner\"><\/div>\n\t\t<\/div>\n\t\t\t\t\t\t<\/div>\n\t\t\t\t<\/div>\n\t\t\t\t<div class=\"elementor-element elementor-element-9c08a35 elementor-widget elementor-widget-image\" data-id=\"9c08a35\" data-element_type=\"widget\" data-widget_type=\"image.default\">\n\t\t\t\t<div class=\"elementor-widget-container\">\n\t\t\t\t\t\t\t\t\t\t\t\t\t\t\t<img decoding=\"async\" width=\"800\" height=\"363\" src=\"https:\/\/www.sainthubert-resort.eu\/wp-content\/uploads\/2025\/01\/massages.png\" class=\"attachment-large size-large wp-image-4482\" alt=\"\" srcset=\"https:\/\/www.sainthubert-resort.eu\/wp-content\/uploads\/2025\/01\/massages.png 900w, https:\/\/www.sainthubert-resort.eu\/wp-content\/uploads\/2025\/01\/massages-300x136.png 300w, https:\/\/www.sainthubert-resort.eu\/wp-content\/uploads\/2025\/01\/massages-768x348.png 768w, https:\/\/www.sainthubert-resort.eu\/wp-content\/uploads\/2025\/01\/massages-18x8.png 18w\" sizes=\"(max-width: 800px) 100vw, 800px\" \/>\t\t\t\t\t\t\t\t\t\t\t\t\t\t\t<\/div>\n\t\t\t\t<\/div>\n\t\t\t\t<div class=\"elementor-element elementor-element-39474e3 elementor-widget elementor-widget-heading\" data-id=\"39474e3\" data-element_type=\"widget\" data-widget_type=\"heading.default\">\n\t\t\t\t<div class=\"elementor-widget-container\">\n\t\t\t\t\t<h2 class=\"elementor-heading-title elementor-size-default\">LES SOINS<\/h2>\t\t\t\t<\/div>\n\t\t\t\t<\/div>\n\t\t\t\t<div class=\"elementor-element elementor-element-568261e elementor-align-center elementor-widget elementor-widget-button\" data-id=\"568261e\" data-element_type=\"widget\" data-widget_type=\"button.default\">\n\t\t\t\t<div class=\"elementor-widget-container\">\n\t\t\t\t\t\t\t\t\t<div class=\"elementor-button-wrapper\">\n\t\t\t\t\t<a class=\"elementor-button elementor-button-link elementor-size-sm\" href=\"https:\/\/www.sainthubert-resort.eu\/en\/soins-menu\/\">\n\t\t\t\t\t\t<span class=\"elementor-button-content-wrapper\">\n\t\t\t\t\t\t\t\t\t<span class=\"elementor-button-text\">D\u00e9couvrez nos offres<\/span>\n\t\t\t\t\t<\/span>\n\t\t\t\t\t<\/a>\n\t\t\t\t<\/div>\n\t\t\t\t\t\t\t\t<\/div>\n\t\t\t\t<\/div>\n\t\t\t\t\t<\/div>\n\t\t<\/div>\n\t\t\t\t\t<\/div>\n\t\t<\/section>\n\t\t\t\t<section class=\"elementor-section elementor-top-section elementor-element elementor-element-523864c elementor-section-boxed elementor-section-height-default elementor-section-height-default\" data-id=\"523864c\" data-element_type=\"section\">\n\t\t\t\t\t\t<div class=\"elementor-container elementor-column-gap-default\">\n\t\t\t\t\t<div class=\"elementor-column elementor-col-100 elementor-top-column elementor-element elementor-element-a431fd6\" data-id=\"a431fd6\" data-element_type=\"column\">\n\t\t\t<div class=\"elementor-widget-wrap\">\n\t\t\t\t\t\t\t<\/div>\n\t\t<\/div>\n\t\t\t\t\t<\/div>\n\t\t<\/section>\n\t\t\t\t<\/div>","protected":false},"excerpt":{"rendered":"<p>HAIRSPA D\u00e9couvrez nos offres LES SOINS D\u00e9couvrez nos offres<\/p>","protected":false},"author":7,"featured_media":0,"parent":0,"menu_order":0,"comment_status":"closed","ping_status":"closed","template":"","meta":{"om_disable_all_campaigns":false,"_monsterinsights_skip_tracking":false,"_monsterinsights_sitenote_active":false,"_monsterinsights_sitenote_note":"","_monsterinsights_sitenote_category":0,"footnotes":""},"class_list":["post-4496","page","type-page","status-publish","hentry"],"yoast_head":"<!-- This site is optimized with the Yoast SEO plugin v24.5 - https:\/\/yoast.com\/wordpress\/plugins\/seo\/ -->\n<title>hairspa - SAINT HUBERT HAMBACH<\/title>\n<meta name=\"robots\" content=\"index, follow, max-snippet:-1, max-image-preview:large, max-video-preview:-1\" \/>\n<link rel=\"canonical\" href=\"https:\/\/www.sainthubert-resort.eu\/en\/hairspa\/\" \/>\n<meta property=\"og:locale\" content=\"en_GB\" \/>\n<meta property=\"og:type\" content=\"article\" \/>\n<meta property=\"og:title\" content=\"hairspa - SAINT HUBERT HAMBACH\" \/>\n<meta property=\"og:description\" content=\"HAIRSPA D\u00e9couvrez nos offres LES SOINS D\u00e9couvrez nos offres\" \/>\n<meta property=\"og:url\" content=\"https:\/\/www.sainthubert-resort.eu\/en\/hairspa\/\" \/>\n<meta property=\"og:site_name\" content=\"SAINT HUBERT HAMBACH\" \/>\n<meta property=\"article:publisher\" content=\"https:\/\/www.facebook.com\/sthuberthambach\" \/>\n<meta property=\"article:modified_time\" content=\"2025-02-06T10:00:57+00:00\" \/>\n<meta property=\"og:image\" content=\"https:\/\/www.sainthubert-resort.eu\/wp-content\/uploads\/2025\/01\/massagesHair.png\" \/>\n<meta name=\"twitter:card\" content=\"summary_large_image\" \/>\n<meta name=\"twitter:label1\" content=\"Estimated reading time\" \/>\n\t<meta name=\"twitter:data1\" content=\"1 minute\" \/>\n<script type=\"application\/ld+json\" class=\"yoast-schema-graph\">{\"@context\":\"https:\/\/schema.org\",\"@graph\":[{\"@type\":\"WebPage\",\"@id\":\"https:\/\/www.sainthubert-resort.eu\/hairspa\/\",\"url\":\"https:\/\/www.sainthubert-resort.eu\/hairspa\/\",\"name\":\"hairspa - SAINT HUBERT HAMBACH\",\"isPartOf\":{\"@id\":\"https:\/\/www.sainthubert-resort.eu\/#website\"},\"primaryImageOfPage\":{\"@id\":\"https:\/\/www.sainthubert-resort.eu\/hairspa\/#primaryimage\"},\"image\":{\"@id\":\"https:\/\/www.sainthubert-resort.eu\/hairspa\/#primaryimage\"},\"thumbnailUrl\":\"https:\/\/www.sainthubert-resort.eu\/wp-content\/uploads\/2025\/01\/massagesHair.png\",\"datePublished\":\"2025-01-20T12:13:52+00:00\",\"dateModified\":\"2025-02-06T10:00:57+00:00\",\"breadcrumb\":{\"@id\":\"https:\/\/www.sainthubert-resort.eu\/hairspa\/#breadcrumb\"},\"inLanguage\":\"en-GB\",\"potentialAction\":[{\"@type\":\"ReadAction\",\"target\":[\"https:\/\/www.sainthubert-resort.eu\/hairspa\/\"]}]},{\"@type\":\"ImageObject\",\"inLanguage\":\"en-GB\",\"@id\":\"https:\/\/www.sainthubert-resort.eu\/hairspa\/#primaryimage\",\"url\":\"https:\/\/www.sainthubert-resort.eu\/wp-content\/uploads\/2025\/01\/massagesHair.png\",\"contentUrl\":\"https:\/\/www.sainthubert-resort.eu\/wp-content\/uploads\/2025\/01\/massagesHair.png\"},{\"@type\":\"BreadcrumbList\",\"@id\":\"https:\/\/www.sainthubert-resort.eu\/hairspa\/#breadcrumb\",\"itemListElement\":[{\"@type\":\"ListItem\",\"position\":1,\"name\":\"Accueil\",\"item\":\"https:\/\/www.sainthubert-resort.eu\/\"},{\"@type\":\"ListItem\",\"position\":2,\"name\":\"hairspa\"}]},{\"@type\":\"WebSite\",\"@id\":\"https:\/\/www.sainthubert-resort.eu\/#website\",\"url\":\"https:\/\/www.sainthubert-resort.eu\/\",\"name\":\"Hotel Restaurant Saint Hubert \u00e0 Hambach\",\"description\":\"H\u00f4tel Restaurant \u00e0 Hambach | Sarreguemines\",\"publisher\":{\"@id\":\"https:\/\/www.sainthubert-resort.eu\/#organization\"},\"potentialAction\":[{\"@type\":\"SearchAction\",\"target\":{\"@type\":\"EntryPoint\",\"urlTemplate\":\"https:\/\/www.sainthubert-resort.eu\/?s={search_term_string}\"},\"query-input\":{\"@type\":\"PropertyValueSpecification\",\"valueRequired\":true,\"valueName\":\"search_term_string\"}}],\"inLanguage\":\"en-GB\"},{\"@type\":\"Organization\",\"@id\":\"https:\/\/www.sainthubert-resort.eu\/#organization\",\"name\":\"Hotel Restaurant Saint Hubert \u00e0 Hambach\",\"url\":\"https:\/\/www.sainthubert-resort.eu\/\",\"logo\":{\"@type\":\"ImageObject\",\"inLanguage\":\"en-GB\",\"@id\":\"https:\/\/www.sainthubert-resort.eu\/#\/schema\/logo\/image\/\",\"url\":\"https:\/\/www.sainthubert-resort.eu\/wp-content\/uploads\/2023\/03\/logo_posi2.png\",\"contentUrl\":\"https:\/\/www.sainthubert-resort.eu\/wp-content\/uploads\/2023\/03\/logo_posi2.png\",\"width\":984,\"height\":276,\"caption\":\"Hotel Restaurant Saint Hubert \u00e0 Hambach\"},\"image\":{\"@id\":\"https:\/\/www.sainthubert-resort.eu\/#\/schema\/logo\/image\/\"},\"sameAs\":[\"https:\/\/www.facebook.com\/sthuberthambach\",\"https:\/\/www.instagram.com\/sthuberthambach\/\"]}]}<\/script>\n<!-- \/ Yoast SEO plugin. -->","yoast_head_json":{"title":"hairspa - SAINT HUBERT HAMBACH","robots":{"index":"index","follow":"follow","max-snippet":"max-snippet:-1","max-image-preview":"max-image-preview:large","max-video-preview":"max-video-preview:-1"},"canonical":"https:\/\/www.sainthubert-resort.eu\/en\/hairspa\/","og_locale":"en_GB","og_type":"article","og_title":"hairspa - SAINT HUBERT HAMBACH","og_description":"HAIRSPA D\u00e9couvrez nos offres LES SOINS D\u00e9couvrez nos offres","og_url":"https:\/\/www.sainthubert-resort.eu\/en\/hairspa\/","og_site_name":"SAINT HUBERT HAMBACH","article_publisher":"https:\/\/www.facebook.com\/sthuberthambach","article_modified_time":"2025-02-06T10:00:57+00:00","og_image":[{"url":"https:\/\/www.sainthubert-resort.eu\/wp-content\/uploads\/2025\/01\/massagesHair.png","type":"","width":"","height":""}],"twitter_card":"summary_large_image","twitter_misc":{"Estimated reading time":"1 minute"},"schema":{"@context":"https:\/\/schema.org","@graph":[{"@type":"WebPage","@id":"https:\/\/www.sainthubert-resort.eu\/hairspa\/","url":"https:\/\/www.sainthubert-resort.eu\/hairspa\/","name":"hairspa - SAINT HUBERT HAMBACH","isPartOf":{"@id":"https:\/\/www.sainthubert-resort.eu\/#website"},"primaryImageOfPage":{"@id":"https:\/\/www.sainthubert-resort.eu\/hairspa\/#primaryimage"},"image":{"@id":"https:\/\/www.sainthubert-resort.eu\/hairspa\/#primaryimage"},"thumbnailUrl":"https:\/\/www.sainthubert-resort.eu\/wp-content\/uploads\/2025\/01\/massagesHair.png","datePublished":"2025-01-20T12:13:52+00:00","dateModified":"2025-02-06T10:00:57+00:00","breadcrumb":{"@id":"https:\/\/www.sainthubert-resort.eu\/hairspa\/#breadcrumb"},"inLanguage":"en-GB","potentialAction":[{"@type":"ReadAction","target":["https:\/\/www.sainthubert-resort.eu\/hairspa\/"]}]},{"@type":"ImageObject","inLanguage":"en-GB","@id":"https:\/\/www.sainthubert-resort.eu\/hairspa\/#primaryimage","url":"https:\/\/www.sainthubert-resort.eu\/wp-content\/uploads\/2025\/01\/massagesHair.png","contentUrl":"https:\/\/www.sainthubert-resort.eu\/wp-content\/uploads\/2025\/01\/massagesHair.png"},{"@type":"BreadcrumbList","@id":"https:\/\/www.sainthubert-resort.eu\/hairspa\/#breadcrumb","itemListElement":[{"@type":"ListItem","position":1,"name":"Accueil","item":"https:\/\/www.sainthubert-resort.eu\/"},{"@type":"ListItem","position":2,"name":"hairspa"}]},{"@type":"WebSite","@id":"https:\/\/www.sainthubert-resort.eu\/#website","url":"https:\/\/www.sainthubert-resort.eu\/","name":"Hotel Restaurant Saint Hubert \u00e0 Hambach","description":"H\u00f4tel Restaurant \u00e0 Hambach | Sarreguemines","publisher":{"@id":"https:\/\/www.sainthubert-resort.eu\/#organization"},"potentialAction":[{"@type":"SearchAction","target":{"@type":"EntryPoint","urlTemplate":"https:\/\/www.sainthubert-resort.eu\/?s={search_term_string}"},"query-input":{"@type":"PropertyValueSpecification","valueRequired":true,"valueName":"search_term_string"}}],"inLanguage":"en-GB"},{"@type":"Organization","@id":"https:\/\/www.sainthubert-resort.eu\/#organization","name":"Hotel Restaurant Saint Hubert \u00e0 Hambach","url":"https:\/\/www.sainthubert-resort.eu\/","logo":{"@type":"ImageObject","inLanguage":"en-GB","@id":"https:\/\/www.sainthubert-resort.eu\/#\/schema\/logo\/image\/","url":"https:\/\/www.sainthubert-resort.eu\/wp-content\/uploads\/2023\/03\/logo_posi2.png","contentUrl":"https:\/\/www.sainthubert-resort.eu\/wp-content\/uploads\/2023\/03\/logo_posi2.png","width":984,"height":276,"caption":"Hotel Restaurant Saint Hubert \u00e0 Hambach"},"image":{"@id":"https:\/\/www.sainthubert-resort.eu\/#\/schema\/logo\/image\/"},"sameAs":["https:\/\/www.facebook.com\/sthuberthambach","https:\/\/www.instagram.com\/sthuberthambach\/"]}]}},"_links":{"self":[{"href":"https:\/\/www.sainthubert-resort.eu\/en\/wp-json\/wp\/v2\/pages\/4496","targetHints":{"allow":["GET"]}}],"collection":[{"href":"https:\/\/www.sainthubert-resort.eu\/en\/wp-json\/wp\/v2\/pages"}],"about":[{"href":"https:\/\/www.sainthubert-resort.eu\/en\/wp-json\/wp\/v2\/types\/page"}],"author":[{"embeddable":true,"href":"https:\/\/www.sainthubert-resort.eu\/en\/wp-json\/wp\/v2\/users\/7"}],"replies":[{"embeddable":true,"href":"https:\/\/www.sainthubert-resort.eu\/en\/wp-json\/wp\/v2\/comments?post=4496"}],"version-history":[{"count":9,"href":"https:\/\/www.sainthubert-resort.eu\/en\/wp-json\/wp\/v2\/pages\/4496\/revisions"}],"predecessor-version":[{"id":4586,"href":"https:\/\/www.sainthubert-resort.eu\/en\/wp-json\/wp\/v2\/pages\/4496\/revisions\/4586"}],"wp:attachment":[{"href":"https:\/\/www.sainthubert-resort.eu\/en\/wp-json\/wp\/v2\/media?parent=4496"}],"curies":[{"name":"wp","href":"https:\/\/api.w.org\/{rel}","templated":true}]}}