{"id":5353,"date":"2025-10-03T10:21:32","date_gmt":"2025-10-03T08:21:32","guid":{"rendered":"https:\/\/www.sainthubert-resort.eu\/?page_id=5353"},"modified":"2026-03-25T08:55:01","modified_gmt":"2026-03-25T07:55:01","slug":"carte-automne","status":"publish","type":"page","link":"https:\/\/www.sainthubert-resort.eu\/en\/restaurant\/carte-automne\/","title":{"rendered":"La carte du printemps"},"content":{"rendered":"<div data-elementor-type=\"wp-page\" data-elementor-id=\"5353\" class=\"elementor elementor-5353\" data-elementor-post-type=\"page\">\n\t\t\t\t\t\t<section class=\"elementor-section elementor-top-section elementor-element elementor-element-f801c92 elementor-section-boxed elementor-section-height-default elementor-section-height-default\" data-id=\"f801c92\" data-element_type=\"section\">\n\t\t\t\t\t\t<div class=\"elementor-container elementor-column-gap-default\">\n\t\t\t\t\t<div class=\"elementor-column elementor-col-100 elementor-top-column elementor-element elementor-element-6b9177d\" data-id=\"6b9177d\" data-element_type=\"column\">\n\t\t\t<div class=\"elementor-widget-wrap elementor-element-populated\">\n\t\t\t\t\t\t<div class=\"elementor-element elementor-element-cef8fe9 elementor-widget elementor-widget-spacer\" data-id=\"cef8fe9\" data-element_type=\"widget\" data-widget_type=\"spacer.default\">\n\t\t\t\t<div class=\"elementor-widget-container\">\n\t\t\t\t\t\t\t<div class=\"elementor-spacer\">\n\t\t\t<div class=\"elementor-spacer-inner\"><\/div>\n\t\t<\/div>\n\t\t\t\t\t\t<\/div>\n\t\t\t\t<\/div>\n\t\t\t\t<div class=\"elementor-element elementor-element-c55f681 elementor-widget elementor-widget-heading\" data-id=\"c55f681\" data-element_type=\"widget\" data-widget_type=\"heading.default\">\n\t\t\t\t<div class=\"elementor-widget-container\">\n\t\t\t\t\t<h2 class=\"elementor-heading-title elementor-size-default\">La carte  du printemps<\/h2>\t\t\t\t<\/div>\n\t\t\t\t<\/div>\n\t\t\t\t<div class=\"elementor-element elementor-element-4249277 elementor-widget elementor-widget-image\" data-id=\"4249277\" data-element_type=\"widget\" data-widget_type=\"image.default\">\n\t\t\t\t<div class=\"elementor-widget-container\">\n\t\t\t\t\t\t\t\t\t\t\t\t\t\t\t\t<a href=\"https:\/\/www.sainthubert-resort.eu\/wp-content\/uploads\/2026\/03\/CARTE-SAINT-HUBERT-printemps-2026-1.6-final-adaptee-3.jpg\" data-elementor-open-lightbox=\"yes\" data-elementor-lightbox-title=\"CARTE SAINT HUBERT printemps 2026 1.6 final adapt\u00e9e\" data-e-action-hash=\"#elementor-action%3Aaction%3Dlightbox%26settings%3DeyJpZCI6NTg3OCwidXJsIjoiaHR0cHM6XC9cL3d3dy5zYWludGh1YmVydC1yZXNvcnQuZXVcL3dwLWNvbnRlbnRcL3VwbG9hZHNcLzIwMjZcLzAzXC9DQVJURS1TQUlOVC1IVUJFUlQtcHJpbnRlbXBzLTIwMjYtMS42LWZpbmFsLWFkYXB0ZWUtMy5qcGcifQ%3D%3D\">\n\t\t\t\t\t\t\t<img decoding=\"async\" src=\"https:\/\/www.sainthubert-resort.eu\/wp-content\/uploads\/2026\/03\/CARTE-SAINT-HUBERT-printemps-2026-1.6-final-adaptee-3.jpg\" class=\"attachment-full size-full wp-image-5878\" alt=\"\" \/>\t\t\t\t\t\t\t\t<\/a>\n\t\t\t\t\t\t\t\t\t\t\t\t\t\t\t<\/div>\n\t\t\t\t<\/div>\n\t\t\t\t<div class=\"elementor-element elementor-element-0decf37 elementor-align-center elementor-widget elementor-widget-button\" data-id=\"0decf37\" data-element_type=\"widget\" data-widget_type=\"button.default\">\n\t\t\t\t<div class=\"elementor-widget-container\">\n\t\t\t\t\t\t\t\t\t<div class=\"elementor-button-wrapper\">\n\t\t\t\t\t<a class=\"elementor-button elementor-button-link elementor-size-sm elementor-animation-pop\" href=\"https:\/\/www.sainthubert-resort.eu\/en\/restaurant\/reservation\/\">\n\t\t\t\t\t\t<span class=\"elementor-button-content-wrapper\">\n\t\t\t\t\t\t\t\t\t<span class=\"elementor-button-text\">R\u00e9server une table<\/span>\n\t\t\t\t\t<\/span>\n\t\t\t\t\t<\/a>\n\t\t\t\t<\/div>\n\t\t\t\t\t\t\t\t<\/div>\n\t\t\t\t<\/div>\n\t\t\t\t\t<\/div>\n\t\t<\/div>\n\t\t\t\t\t<\/div>\n\t\t<\/section>\n\t\t\t\t<section class=\"elementor-section elementor-top-section elementor-element elementor-element-58d5cefe elementor-section-height-min-height elementor-section-boxed elementor-section-height-default elementor-section-items-middle\" data-id=\"58d5cefe\" data-element_type=\"section\" data-settings=\"{&quot;background_background&quot;:&quot;classic&quot;}\">\n\t\t\t\t\t\t<div class=\"elementor-container elementor-column-gap-default\">\n\t\t\t\t\t<div class=\"elementor-column elementor-col-100 elementor-top-column elementor-element elementor-element-d5352d\" data-id=\"d5352d\" data-element_type=\"column\">\n\t\t\t<div class=\"elementor-widget-wrap elementor-element-populated\">\n\t\t\t\t\t\t<div class=\"elementor-element elementor-element-9aebcd0 elementor-widget elementor-widget-heading\" data-id=\"9aebcd0\" data-element_type=\"widget\" data-widget_type=\"heading.default\">\n\t\t\t\t<div class=\"elementor-widget-container\">\n\t\t\t\t\t<h2 class=\"elementor-heading-title elementor-size-default\">Find Us<\/h2>\t\t\t\t<\/div>\n\t\t\t\t<\/div>\n\t\t\t\t<section class=\"elementor-section elementor-inner-section elementor-element elementor-element-29e40575 elementor-section-content-middle elementor-section-boxed elementor-section-height-default elementor-section-height-default\" data-id=\"29e40575\" data-element_type=\"section\">\n\t\t\t\t\t\t<div class=\"elementor-container elementor-column-gap-default\">\n\t\t\t\t\t<div class=\"elementor-column elementor-col-50 elementor-inner-column elementor-element elementor-element-62dde3f5\" data-id=\"62dde3f5\" data-element_type=\"column\">\n\t\t\t<div class=\"elementor-widget-wrap elementor-element-populated\">\n\t\t\t\t\t\t<div class=\"elementor-element elementor-element-64cd0b80 elementor-widget elementor-widget-image\" data-id=\"64cd0b80\" data-element_type=\"widget\" data-widget_type=\"image.default\">\n\t\t\t\t<div class=\"elementor-widget-container\">\n\t\t\t\t\t\t\t\t\t\t\t\t\t\t\t<img decoding=\"async\" src=\"https:\/\/www.sainthubert-resort.eu\/wp-content\/uploads\/elementor\/thumbs\/logo_posi2-q2vr0f6sxe7ymcxuris11s0uj6ezof1bf2up5g0g94.png\" title=\"logo_posi2\" alt=\"logo_posi2\" loading=\"lazy\" \/>\t\t\t\t\t\t\t\t\t\t\t\t\t\t\t<\/div>\n\t\t\t\t<\/div>\n\t\t\t\t<div class=\"elementor-element elementor-element-54b0efd1 elementor-align-right elementor-icon-list--layout-traditional elementor-list-item-link-full_width elementor-widget elementor-widget-icon-list\" data-id=\"54b0efd1\" data-element_type=\"widget\" data-widget_type=\"icon-list.default\">\n\t\t\t\t<div class=\"elementor-widget-container\">\n\t\t\t\t\t\t\t<ul class=\"elementor-icon-list-items\">\n\t\t\t\t\t\t\t<li class=\"elementor-icon-list-item\">\n\t\t\t\t\t\t\t\t\t\t\t<span class=\"elementor-icon-list-icon\">\n\t\t\t\t\t\t\t<i aria-hidden=\"true\" class=\"fas fa-map-marker-alt\"><\/i>\t\t\t\t\t\t<\/span>\n\t\t\t\t\t\t\t\t\t\t<span class=\"elementor-icon-list-text\">30, rue de la For\u00eat \u2022 57910 Hambach <\/span>\n\t\t\t\t\t\t\t\t\t<\/li>\n\t\t\t\t\t\t\t\t<li class=\"elementor-icon-list-item\">\n\t\t\t\t\t\t\t\t\t\t\t<span class=\"elementor-icon-list-icon\">\n\t\t\t\t\t\t\t<i aria-hidden=\"true\" class=\"fas fa-phone-alt\"><\/i>\t\t\t\t\t\t<\/span>\n\t\t\t\t\t\t\t\t\t\t<span class=\"elementor-icon-list-text\">+33 3 87 98 39 55<\/span>\n\t\t\t\t\t\t\t\t\t<\/li>\n\t\t\t\t\t\t\t\t<li class=\"elementor-icon-list-item\">\n\t\t\t\t\t\t\t\t\t\t\t<span class=\"elementor-icon-list-icon\">\n\t\t\t\t\t\t\t<i aria-hidden=\"true\" class=\"far fa-envelope\"><\/i>\t\t\t\t\t\t<\/span>\n\t\t\t\t\t\t\t\t\t\t<span class=\"elementor-icon-list-text\">contact@sainthubert-resort.eu<\/span>\n\t\t\t\t\t\t\t\t\t<\/li>\n\t\t\t\t\t\t<\/ul>\n\t\t\t\t\t\t<\/div>\n\t\t\t\t<\/div>\n\t\t\t\t<div class=\"elementor-element elementor-element-205754b elementor-widget elementor-widget-text-editor\" data-id=\"205754b\" data-element_type=\"widget\" data-widget_type=\"text-editor.default\">\n\t\t\t\t<div class=\"elementor-widget-container\">\n\t\t\t\t\t\t\t\t\t<p style=\"text-align: right;\"><strong>LE RESTAURANT EST FERM\u00c9 LES LUNDIS ET SAMEDIS MIDI, <br \/><\/strong><strong>AINSI QUE LE DIMANCHE SOIR.<\/strong><\/p>\t\t\t\t\t\t\t\t<\/div>\n\t\t\t\t<\/div>\n\t\t\t\t\t<\/div>\n\t\t<\/div>\n\t\t\t\t<div class=\"elementor-column elementor-col-50 elementor-inner-column elementor-element elementor-element-23a6101b\" data-id=\"23a6101b\" data-element_type=\"column\">\n\t\t\t<div class=\"elementor-widget-wrap elementor-element-populated\">\n\t\t\t\t\t\t<div class=\"elementor-element elementor-element-6f56e3c1 elementor-invisible elementor-widget elementor-widget-google_maps\" data-id=\"6f56e3c1\" data-element_type=\"widget\" data-settings=\"{&quot;motion_fx_motion_fx_mouse&quot;:&quot;yes&quot;,&quot;_animation&quot;:&quot;fadeIn&quot;}\" data-widget_type=\"google_maps.default\">\n\t\t\t\t<div class=\"elementor-widget-container\">\n\t\t\t\t\t\t\t<div class=\"elementor-custom-embed\">\n\t\t\t<iframe loading=\"lazy\"\n\t\t\t\t\tsrc=\"https:\/\/maps.google.com\/maps?q=hotel%20saint%20hubert%2C%20hambach&#038;t=m&#038;z=13&#038;output=embed&#038;iwloc=near\"\n\t\t\t\t\ttitle=\"hotel saint hubert, hambach\"\n\t\t\t\t\taria-label=\"hotel saint hubert, hambach\"\n\t\t\t><\/iframe>\n\t\t<\/div>\n\t\t\t\t\t\t<\/div>\n\t\t\t\t<\/div>\n\t\t\t\t\t<\/div>\n\t\t<\/div>\n\t\t\t\t\t<\/div>\n\t\t<\/section>\n\t\t\t\t\t<\/div>\n\t\t<\/div>\n\t\t\t\t\t<\/div>\n\t\t<\/section>\n\t\t\t\t<\/div>","protected":false},"excerpt":{"rendered":"<p>La carte du printemps R\u00e9server une table Nous trouver 30, rue de la For\u00eat \u2022 57910 Hambach +33 3 87 98 39 55 contact@sainthubert-resort.eu LE RESTAURANT EST FERM\u00c9 LES LUNDIS ET SAMEDIS MIDI, AINSI QUE LE DIMANCHE SOIR.<\/p>","protected":false},"author":7,"featured_media":0,"parent":11,"menu_order":0,"comment_status":"closed","ping_status":"closed","template":"","meta":{"om_disable_all_campaigns":false,"_monsterinsights_skip_tracking":false,"_monsterinsights_sitenote_active":false,"_monsterinsights_sitenote_note":"","_monsterinsights_sitenote_category":0,"footnotes":""},"class_list":["post-5353","page","type-page","status-publish","hentry"],"yoast_head":"<!-- This site is optimized with the Yoast SEO plugin v24.5 - https:\/\/yoast.com\/wordpress\/plugins\/seo\/ -->\n<title>La carte du printemps - SAINT HUBERT HAMBACH<\/title>\n<meta name=\"robots\" content=\"index, follow, max-snippet:-1, max-image-preview:large, max-video-preview:-1\" \/>\n<link rel=\"canonical\" href=\"https:\/\/www.sainthubert-resort.eu\/en\/restaurant\/carte-automne\/\" \/>\n<meta property=\"og:locale\" content=\"en_GB\" \/>\n<meta property=\"og:type\" content=\"article\" \/>\n<meta property=\"og:title\" content=\"La carte du printemps - SAINT HUBERT HAMBACH\" \/>\n<meta property=\"og:description\" content=\"La carte du printemps R\u00e9server une table Nous trouver 30, rue de la For\u00eat \u2022 57910 Hambach +33 3 87 98 39 55 contact@sainthubert-resort.eu LE RESTAURANT EST FERM\u00c9 LES LUNDIS ET SAMEDIS MIDI, AINSI QUE LE DIMANCHE SOIR.\" \/>\n<meta property=\"og:url\" content=\"https:\/\/www.sainthubert-resort.eu\/en\/restaurant\/carte-automne\/\" \/>\n<meta property=\"og:site_name\" content=\"SAINT HUBERT HAMBACH\" \/>\n<meta property=\"article:publisher\" content=\"https:\/\/www.facebook.com\/sthuberthambach\" \/>\n<meta property=\"article:modified_time\" content=\"2026-03-25T07:55:01+00:00\" \/>\n<meta property=\"og:image\" content=\"https:\/\/www.sainthubert-resort.eu\/wp-content\/uploads\/2026\/03\/CARTE-SAINT-HUBERT-printemps-2026-1.6-final-adaptee-3.jpg\" \/>\n\t<meta property=\"og:image:width\" content=\"1\" \/>\n\t<meta property=\"og:image:height\" content=\"1\" \/>\n\t<meta property=\"og:image:type\" content=\"image\/jpeg\" \/>\n<meta name=\"twitter:card\" content=\"summary_large_image\" \/>\n<meta name=\"twitter:label1\" content=\"Estimated reading time\" \/>\n\t<meta name=\"twitter:data1\" content=\"1 minute\" \/>\n<script type=\"application\/ld+json\" class=\"yoast-schema-graph\">{\"@context\":\"https:\/\/schema.org\",\"@graph\":[{\"@type\":\"WebPage\",\"@id\":\"https:\/\/www.sainthubert-resort.eu\/restaurant\/carte-automne\/\",\"url\":\"https:\/\/www.sainthubert-resort.eu\/restaurant\/carte-automne\/\",\"name\":\"La carte du printemps - SAINT HUBERT HAMBACH\",\"isPartOf\":{\"@id\":\"https:\/\/www.sainthubert-resort.eu\/#website\"},\"primaryImageOfPage\":{\"@id\":\"https:\/\/www.sainthubert-resort.eu\/restaurant\/carte-automne\/#primaryimage\"},\"image\":{\"@id\":\"https:\/\/www.sainthubert-resort.eu\/restaurant\/carte-automne\/#primaryimage\"},\"thumbnailUrl\":\"https:\/\/www.sainthubert-resort.eu\/wp-content\/uploads\/2026\/03\/CARTE-SAINT-HUBERT-printemps-2026-1.6-final-adaptee-3.jpg\",\"datePublished\":\"2025-10-03T08:21:32+00:00\",\"dateModified\":\"2026-03-25T07:55:01+00:00\",\"breadcrumb\":{\"@id\":\"https:\/\/www.sainthubert-resort.eu\/restaurant\/carte-automne\/#breadcrumb\"},\"inLanguage\":\"en-GB\",\"potentialAction\":[{\"@type\":\"ReadAction\",\"target\":[\"https:\/\/www.sainthubert-resort.eu\/restaurant\/carte-automne\/\"]}]},{\"@type\":\"ImageObject\",\"inLanguage\":\"en-GB\",\"@id\":\"https:\/\/www.sainthubert-resort.eu\/restaurant\/carte-automne\/#primaryimage\",\"url\":\"https:\/\/www.sainthubert-resort.eu\/wp-content\/uploads\/2026\/03\/CARTE-SAINT-HUBERT-printemps-2026-1.6-final-adaptee-3.jpg\",\"contentUrl\":\"https:\/\/www.sainthubert-resort.eu\/wp-content\/uploads\/2026\/03\/CARTE-SAINT-HUBERT-printemps-2026-1.6-final-adaptee-3.jpg\"},{\"@type\":\"BreadcrumbList\",\"@id\":\"https:\/\/www.sainthubert-resort.eu\/restaurant\/carte-automne\/#breadcrumb\",\"itemListElement\":[{\"@type\":\"ListItem\",\"position\":1,\"name\":\"Accueil\",\"item\":\"https:\/\/www.sainthubert-resort.eu\/\"},{\"@type\":\"ListItem\",\"position\":2,\"name\":\"Restaurant\",\"item\":\"https:\/\/www.sainthubert-resort.eu\/restaurant\/\"},{\"@type\":\"ListItem\",\"position\":3,\"name\":\"La carte du printemps\"}]},{\"@type\":\"WebSite\",\"@id\":\"https:\/\/www.sainthubert-resort.eu\/#website\",\"url\":\"https:\/\/www.sainthubert-resort.eu\/\",\"name\":\"Hotel Restaurant Saint Hubert \u00e0 Hambach\",\"description\":\"H\u00f4tel Restaurant \u00e0 Hambach | Sarreguemines\",\"publisher\":{\"@id\":\"https:\/\/www.sainthubert-resort.eu\/#organization\"},\"potentialAction\":[{\"@type\":\"SearchAction\",\"target\":{\"@type\":\"EntryPoint\",\"urlTemplate\":\"https:\/\/www.sainthubert-resort.eu\/?s={search_term_string}\"},\"query-input\":{\"@type\":\"PropertyValueSpecification\",\"valueRequired\":true,\"valueName\":\"search_term_string\"}}],\"inLanguage\":\"en-GB\"},{\"@type\":\"Organization\",\"@id\":\"https:\/\/www.sainthubert-resort.eu\/#organization\",\"name\":\"Hotel Restaurant Saint Hubert \u00e0 Hambach\",\"url\":\"https:\/\/www.sainthubert-resort.eu\/\",\"logo\":{\"@type\":\"ImageObject\",\"inLanguage\":\"en-GB\",\"@id\":\"https:\/\/www.sainthubert-resort.eu\/#\/schema\/logo\/image\/\",\"url\":\"https:\/\/www.sainthubert-resort.eu\/wp-content\/uploads\/2023\/03\/logo_posi2.png\",\"contentUrl\":\"https:\/\/www.sainthubert-resort.eu\/wp-content\/uploads\/2023\/03\/logo_posi2.png\",\"width\":984,\"height\":276,\"caption\":\"Hotel Restaurant Saint Hubert \u00e0 Hambach\"},\"image\":{\"@id\":\"https:\/\/www.sainthubert-resort.eu\/#\/schema\/logo\/image\/\"},\"sameAs\":[\"https:\/\/www.facebook.com\/sthuberthambach\",\"https:\/\/www.instagram.com\/sthuberthambach\/\"]}]}<\/script>\n<!-- \/ Yoast SEO plugin. -->","yoast_head_json":{"title":"La carte du printemps - SAINT HUBERT HAMBACH","robots":{"index":"index","follow":"follow","max-snippet":"max-snippet:-1","max-image-preview":"max-image-preview:large","max-video-preview":"max-video-preview:-1"},"canonical":"https:\/\/www.sainthubert-resort.eu\/en\/restaurant\/carte-automne\/","og_locale":"en_GB","og_type":"article","og_title":"La carte du printemps - SAINT HUBERT HAMBACH","og_description":"La carte du printemps R\u00e9server une table Nous trouver 30, rue de la For\u00eat \u2022 57910 Hambach +33 3 87 98 39 55 contact@sainthubert-resort.eu LE RESTAURANT EST FERM\u00c9 LES LUNDIS ET SAMEDIS MIDI, AINSI QUE LE DIMANCHE SOIR.","og_url":"https:\/\/www.sainthubert-resort.eu\/en\/restaurant\/carte-automne\/","og_site_name":"SAINT HUBERT HAMBACH","article_publisher":"https:\/\/www.facebook.com\/sthuberthambach","article_modified_time":"2026-03-25T07:55:01+00:00","og_image":[{"url":"https:\/\/www.sainthubert-resort.eu\/wp-content\/uploads\/2026\/03\/CARTE-SAINT-HUBERT-printemps-2026-1.6-final-adaptee-3.jpg","width":1,"height":1,"type":"image\/jpeg"}],"twitter_card":"summary_large_image","twitter_misc":{"Estimated reading time":"1 minute"},"schema":{"@context":"https:\/\/schema.org","@graph":[{"@type":"WebPage","@id":"https:\/\/www.sainthubert-resort.eu\/restaurant\/carte-automne\/","url":"https:\/\/www.sainthubert-resort.eu\/restaurant\/carte-automne\/","name":"La carte du printemps - SAINT HUBERT HAMBACH","isPartOf":{"@id":"https:\/\/www.sainthubert-resort.eu\/#website"},"primaryImageOfPage":{"@id":"https:\/\/www.sainthubert-resort.eu\/restaurant\/carte-automne\/#primaryimage"},"image":{"@id":"https:\/\/www.sainthubert-resort.eu\/restaurant\/carte-automne\/#primaryimage"},"thumbnailUrl":"https:\/\/www.sainthubert-resort.eu\/wp-content\/uploads\/2026\/03\/CARTE-SAINT-HUBERT-printemps-2026-1.6-final-adaptee-3.jpg","datePublished":"2025-10-03T08:21:32+00:00","dateModified":"2026-03-25T07:55:01+00:00","breadcrumb":{"@id":"https:\/\/www.sainthubert-resort.eu\/restaurant\/carte-automne\/#breadcrumb"},"inLanguage":"en-GB","potentialAction":[{"@type":"ReadAction","target":["https:\/\/www.sainthubert-resort.eu\/restaurant\/carte-automne\/"]}]},{"@type":"ImageObject","inLanguage":"en-GB","@id":"https:\/\/www.sainthubert-resort.eu\/restaurant\/carte-automne\/#primaryimage","url":"https:\/\/www.sainthubert-resort.eu\/wp-content\/uploads\/2026\/03\/CARTE-SAINT-HUBERT-printemps-2026-1.6-final-adaptee-3.jpg","contentUrl":"https:\/\/www.sainthubert-resort.eu\/wp-content\/uploads\/2026\/03\/CARTE-SAINT-HUBERT-printemps-2026-1.6-final-adaptee-3.jpg"},{"@type":"BreadcrumbList","@id":"https:\/\/www.sainthubert-resort.eu\/restaurant\/carte-automne\/#breadcrumb","itemListElement":[{"@type":"ListItem","position":1,"name":"Accueil","item":"https:\/\/www.sainthubert-resort.eu\/"},{"@type":"ListItem","position":2,"name":"Restaurant","item":"https:\/\/www.sainthubert-resort.eu\/restaurant\/"},{"@type":"ListItem","position":3,"name":"La carte du printemps"}]},{"@type":"WebSite","@id":"https:\/\/www.sainthubert-resort.eu\/#website","url":"https:\/\/www.sainthubert-resort.eu\/","name":"Hotel Restaurant Saint Hubert \u00e0 Hambach","description":"H\u00f4tel Restaurant \u00e0 Hambach | Sarreguemines","publisher":{"@id":"https:\/\/www.sainthubert-resort.eu\/#organization"},"potentialAction":[{"@type":"SearchAction","target":{"@type":"EntryPoint","urlTemplate":"https:\/\/www.sainthubert-resort.eu\/?s={search_term_string}"},"query-input":{"@type":"PropertyValueSpecification","valueRequired":true,"valueName":"search_term_string"}}],"inLanguage":"en-GB"},{"@type":"Organization","@id":"https:\/\/www.sainthubert-resort.eu\/#organization","name":"Hotel Restaurant Saint Hubert \u00e0 Hambach","url":"https:\/\/www.sainthubert-resort.eu\/","logo":{"@type":"ImageObject","inLanguage":"en-GB","@id":"https:\/\/www.sainthubert-resort.eu\/#\/schema\/logo\/image\/","url":"https:\/\/www.sainthubert-resort.eu\/wp-content\/uploads\/2023\/03\/logo_posi2.png","contentUrl":"https:\/\/www.sainthubert-resort.eu\/wp-content\/uploads\/2023\/03\/logo_posi2.png","width":984,"height":276,"caption":"Hotel Restaurant Saint Hubert \u00e0 Hambach"},"image":{"@id":"https:\/\/www.sainthubert-resort.eu\/#\/schema\/logo\/image\/"},"sameAs":["https:\/\/www.facebook.com\/sthuberthambach","https:\/\/www.instagram.com\/sthuberthambach\/"]}]}},"_links":{"self":[{"href":"https:\/\/www.sainthubert-resort.eu\/en\/wp-json\/wp\/v2\/pages\/5353","targetHints":{"allow":["GET"]}}],"collection":[{"href":"https:\/\/www.sainthubert-resort.eu\/en\/wp-json\/wp\/v2\/pages"}],"about":[{"href":"https:\/\/www.sainthubert-resort.eu\/en\/wp-json\/wp\/v2\/types\/page"}],"author":[{"embeddable":true,"href":"https:\/\/www.sainthubert-resort.eu\/en\/wp-json\/wp\/v2\/users\/7"}],"replies":[{"embeddable":true,"href":"https:\/\/www.sainthubert-resort.eu\/en\/wp-json\/wp\/v2\/comments?post=5353"}],"version-history":[{"count":101,"href":"https:\/\/www.sainthubert-resort.eu\/en\/wp-json\/wp\/v2\/pages\/5353\/revisions"}],"predecessor-version":[{"id":5898,"href":"https:\/\/www.sainthubert-resort.eu\/en\/wp-json\/wp\/v2\/pages\/5353\/revisions\/5898"}],"up":[{"embeddable":true,"href":"https:\/\/www.sainthubert-resort.eu\/en\/wp-json\/wp\/v2\/pages\/11"}],"wp:attachment":[{"href":"https:\/\/www.sainthubert-resort.eu\/en\/wp-json\/wp\/v2\/media?parent=5353"}],"curies":[{"name":"wp","href":"https:\/\/api.w.org\/{rel}","templated":true}]}}